{"id":2968,"date":"2023-09-07T01:13:26","date_gmt":"2023-09-07T09:13:26","guid":{"rendered":"https:\/\/lidaglassware.com\/?post_type=product&#038;p=2968"},"modified":"2023-09-07T01:18:05","modified_gmt":"2023-09-07T09:18:05","slug":"cocktail-sour-glass-250ml","status":"publish","type":"product","link":"https:\/\/lidaglassware.com\/sv\/produkt\/cocktail-surt-glas-250ml\/","title":{"rendered":"Cocktail surt glas 250ml"},"content":{"rendered":"<p>Cocktail Sour Glass: F\u00f6rdjupa dig i mixologins konst med v\u00e5rt noggrant designade Cocktail Sour Glass.<\/p>\n<p>Tillverkat f\u00f6r dem som uppskattar den delikata dansen av smaker i en klassisk sur, \u00e4r detta glas mer \u00e4n bara barware \u2013 det \u00e4r en upplevelse. Dess unika kr\u00f6kning \u00e4r inte bara estetiskt tilltalande utan ocks\u00e5 funktionell, designad f\u00f6r att accentuera den harmoniska blandningen av s\u00f6ta och syrliga toner som definierar sura cocktails.<\/p>\n<p>Den l\u00e5ngstr\u00e4ckta stj\u00e4lken ser till att din drink f\u00f6rblir kyld, vilket m\u00f6jligg\u00f6r en l\u00e4ngre och ren smakresa. Oavsett om du \u00e4r en erfaren bartender, en cocktailentusiast eller bara n\u00e5gon som \u00e4lskar att underh\u00e5lla, \u00e4r v\u00e5rt Cocktail Sour Glass det perfekta k\u00e4rlet f\u00f6r att visa upp dina skapelser. Dess design hyllar cocktailkulturens rika historia samtidigt som den erbjuder en modern touch f\u00f6r dagens kr\u00e4sna drinkare. Dyk djupt in i cocktailv\u00e4rlden, d\u00e4r varje ingrediens \u00e4r viktig och presentation \u00e4r nyckeln. Bl\u00e4ddra i v\u00e5r samling och lyft varje h\u00e4ll, varje klunk och varje \u00f6gonblick.<\/p>","protected":false},"excerpt":{"rendered":"<p>Cocktail Sour Glass: F\u00f6rh\u00f6j ditt mixologispel med v\u00e5rt premium Cocktail Sour Glass. Sakkunnigt utformad f\u00f6r att f\u00f6rb\u00e4ttra balansen mellan s\u00f6ta och syrliga toner, dess unika design lovar en o\u00f6vertr\u00e4ffad dricksupplevelse. Perfekt f\u00f6r att visa upp dina cocktailskapelser, detta glas \u00e4r ett m\u00e5ste f\u00f6r varje modern bar. Dyk in i en v\u00e4rld av smak och stil.<\/p>","protected":false},"featured_media":2940,"comment_status":"open","ping_status":"closed","template":"","meta":[],"class_list":["post-2968","product","type-product","status-publish","has-post-thumbnail","hentry","product_cat-cocktail-glasses","product_tag-cocktail-glasses"],"_links":{"self":[{"href":"https:\/\/lidaglassware.com\/sv\/wp-json\/wp\/v2\/product\/2968","targetHints":{"allow":["GET"]}}],"collection":[{"href":"https:\/\/lidaglassware.com\/sv\/wp-json\/wp\/v2\/product"}],"about":[{"href":"https:\/\/lidaglassware.com\/sv\/wp-json\/wp\/v2\/types\/product"}],"replies":[{"embeddable":true,"href":"https:\/\/lidaglassware.com\/sv\/wp-json\/wp\/v2\/comments?post=2968"}],"wp:featuredmedia":[{"embeddable":true,"href":"https:\/\/lidaglassware.com\/sv\/wp-json\/wp\/v2\/media\/2940"}],"wp:attachment":[{"href":"https:\/\/lidaglassware.com\/sv\/wp-json\/wp\/v2\/media?parent=2968"}],"curies":[{"name":"wp","href":"https:\/\/api.w.org\/{rel}","templated":true}]}}