{"id":2969,"date":"2023-09-07T01:20:01","date_gmt":"2023-09-07T09:20:01","guid":{"rendered":"https:\/\/lidaglassware.com\/?post_type=product&#038;p=2969"},"modified":"2024-01-15T18:02:29","modified_gmt":"2024-01-16T02:02:29","slug":"wine-glass-goblet-530ml","status":"publish","type":"product","link":"https:\/\/lidaglassware.com\/sv\/produkt\/vin-glas-bagare-530ml\/","title":{"rendered":"Vinglasb\u00e4gare 530ml"},"content":{"rendered":"<p>Wine Glass Goblet: Dyk in i vinodlingens rika v\u00e4rld med v\u00e5r uts\u00f6kt designade Wine Glass Goblet.<\/p>\n<p>Varje vin ber\u00e4ttar en historia, och v\u00e5r b\u00e4gare ser till att historien ber\u00e4ttas p\u00e5 det mest v\u00e4ltaliga s\u00e4ttet. Tillverkad med precision, dess form \u00e4r noggrant utformad f\u00f6r att f\u00e5nga och koncentrera de intrikata aromerna och smakerna av varje vinsort. Oavsett om du unnar dig en robust r\u00f6d, en skarp vit eller en bubbel ros\u00e9, utlovar v\u00e5r b\u00e4gare en o\u00f6vertr\u00e4ffad smakupplevelse.<\/p>\n<p>Den l\u00e5ngstr\u00e4ckta stj\u00e4lken s\u00e4kerst\u00e4ller att ditt vin h\u00e5ller sig vid perfekt temperatur, medan den gener\u00f6sa sk\u00e5len m\u00f6jligg\u00f6r optimal luftning. Ut\u00f6ver sin funktionalitet st\u00e5r Wine Goblet Set som en symbol f\u00f6r elegans och lyx, vilket g\u00f6r det till ett m\u00e5ste f\u00f6r varje vinentusiast, samlare och festligt tillf\u00e4lle. Vi kan ocks\u00e5 tillhandah\u00e5lla vinglas guldkant typ.<\/p>\n<p>F\u00f6rh\u00f6j din vinupplevelse, uppskatta nyanserna i varje \u00e5rg\u00e5ng och fira konsten att g\u00f6ra vin. Bl\u00e4ddra i v\u00e5r samling och h\u00e4ll, snurra och smutta i storhet.<\/p>","protected":false},"excerpt":{"rendered":"<p>Wine Glass Goblet: Njut av de finaste vinerna med v\u00e5r eleganta Wine Glass Goblet. Tillverkad f\u00f6r finsmakare, dess design s\u00e4kerst\u00e4ller optimal arom och smak med varje klunk. Perfekt f\u00f6r b\u00e5de avslappnade kv\u00e4llar och storslagna fester, den h\u00e4r b\u00e4garen \u00e4r ett tidl\u00f6st tillskott till alla vin\u00e4lskares samling. Utforska essensen av vin i sann stil.<\/p>","protected":false},"featured_media":2904,"comment_status":"open","ping_status":"closed","template":"","meta":[],"class_list":["post-2969","product","type-product","status-publish","has-post-thumbnail","hentry","product_cat-cocktail-glasses","product_tag-cocktail-glasses"],"_links":{"self":[{"href":"https:\/\/lidaglassware.com\/sv\/wp-json\/wp\/v2\/product\/2969","targetHints":{"allow":["GET"]}}],"collection":[{"href":"https:\/\/lidaglassware.com\/sv\/wp-json\/wp\/v2\/product"}],"about":[{"href":"https:\/\/lidaglassware.com\/sv\/wp-json\/wp\/v2\/types\/product"}],"replies":[{"embeddable":true,"href":"https:\/\/lidaglassware.com\/sv\/wp-json\/wp\/v2\/comments?post=2969"}],"wp:featuredmedia":[{"embeddable":true,"href":"https:\/\/lidaglassware.com\/sv\/wp-json\/wp\/v2\/media\/2904"}],"wp:attachment":[{"href":"https:\/\/lidaglassware.com\/sv\/wp-json\/wp\/v2\/media?parent=2969"}],"curies":[{"name":"wp","href":"https:\/\/api.w.org\/{rel}","templated":true}]}}