{"id":2970,"date":"2023-09-07T01:28:33","date_gmt":"2023-09-07T09:28:33","guid":{"rendered":"https:\/\/lidaglassware.com\/?post_type=product&#038;p=2970"},"modified":"2023-09-07T01:34:56","modified_gmt":"2023-09-07T09:34:56","slug":"glencairn-whiskey-glass-460ml","status":"publish","type":"product","link":"https:\/\/lidaglassware.com\/sv\/produkt\/glencairn-whisky-glass-460ml\/","title":{"rendered":"Glencairn Whiskyglas 460ml"},"content":{"rendered":"<p>Glencairn Whisky Glass: Ge dig ut p\u00e5 en o\u00f6vertr\u00e4ffad whiskyresa med v\u00e5rt signatur Glencairn Whisky Glass.<\/p>\n<p>Det h\u00e4r glaset \u00e4r v\u00f6rdat av b\u00e5de finsmakare och entusiaster och \u00e4r mer \u00e4n bara barware \u2013 det \u00e4r en ink\u00f6rsport till den rika gobel\u00e4ngen av whiskysmaker och aromer. Tillverkad med noggrann uppm\u00e4rksamhet p\u00e5 detaljer, dess tulpanformade design s\u00e4kerst\u00e4ller att du f\u00e5ngar hela spektrat av din whiskys n\u00e4sa, fr\u00e5n de subtilaste vaniljnoterna till de dj\u00e4rvaste r\u00f6kiga undertonerna.<\/p>\n<p>Den bekv\u00e4ma basen erbjuder ett ergonomiskt grepp, medan den smalare munnen koncentrerar buketten och levererar en symfoni av smaker med varje klunk. Oavsett om du njuter av en s\u00e4llsynt singelmalt, en robust bourbon eller en lagrad rom, utlovar Glencairn Whisky Glass en upplevelse som handlar lika mycket om resan som destinationen.<\/p>\n<p>F\u00f6r dem som tror att whisky inte bara \u00e4r en drink utan en ber\u00e4ttelse om hantverk och tradition, \u00e4r v\u00e5rt glas den perfekta ber\u00e4ttaren. Dyk djupt in i andarnas v\u00e4rld, d\u00e4r varje droppe har en historia att ber\u00e4tta. Utforska v\u00e5r samling och h\u00f6j en sk\u00e5l f\u00f6r spetskompetens och arv. Vi tillverkar ocks\u00e5 skr\u00e4ddarsydda Glencairn Whiskyglas enligt dina uppgifter. D\u00e5 har du det b\u00e4sta Glencairn Whiskyglaset. Normalt sett \u00e4r det mest popul\u00e4ra Glencairn Whisky Glass i set om 4.<\/p>","protected":false},"excerpt":{"rendered":"<p>Glencairn Whisky Glass: Upplev whisky som aldrig f\u00f6rr med v\u00e5rt premium Glencairn Whisky Glass. Expertformad f\u00f6r att f\u00f6rst\u00e4rka aromer och smaker, det \u00e4r valet av finsmakare \u00f6ver hela v\u00e4rlden. Perfekt f\u00f6r att njuta av varje nyanserad ton, fr\u00e5n r\u00f6kiga undertoner till rika ekfinish. Lyft dina whisky\u00f6gonblick. Handla nu f\u00f6r en smak av \u00e4kta hantverk!<\/p>","protected":false},"featured_media":2912,"comment_status":"open","ping_status":"closed","template":"","meta":[],"class_list":["post-2970","product","type-product","status-publish","has-post-thumbnail","hentry","product_cat-cocktail-glasses","product_tag-cocktail-glasses"],"_links":{"self":[{"href":"https:\/\/lidaglassware.com\/sv\/wp-json\/wp\/v2\/product\/2970","targetHints":{"allow":["GET"]}}],"collection":[{"href":"https:\/\/lidaglassware.com\/sv\/wp-json\/wp\/v2\/product"}],"about":[{"href":"https:\/\/lidaglassware.com\/sv\/wp-json\/wp\/v2\/types\/product"}],"replies":[{"embeddable":true,"href":"https:\/\/lidaglassware.com\/sv\/wp-json\/wp\/v2\/comments?post=2970"}],"wp:featuredmedia":[{"embeddable":true,"href":"https:\/\/lidaglassware.com\/sv\/wp-json\/wp\/v2\/media\/2912"}],"wp:attachment":[{"href":"https:\/\/lidaglassware.com\/sv\/wp-json\/wp\/v2\/media?parent=2970"}],"curies":[{"name":"wp","href":"https:\/\/api.w.org\/{rel}","templated":true}]}}