{"id":4020,"date":"2024-01-15T19:00:35","date_gmt":"2024-01-16T03:00:35","guid":{"rendered":"https:\/\/lidaglassware.com\/?post_type=product&#038;p=4020"},"modified":"2024-01-15T19:00:35","modified_gmt":"2024-01-16T03:00:35","slug":"cocktail-mixing-glass-500ml","status":"publish","type":"product","link":"https:\/\/lidaglassware.com\/sv\/produkt\/cocktail-mixing-glass-500ml\/","title":{"rendered":"Cocktailblandningsglas 500ml"},"content":{"rendered":"<h2><strong>Funktioner av cocktailblandningsglas<\/strong><\/h2>\n<ol>\n<li><strong>Materialkvalitet<\/strong>: Cocktailmixarglas \u00e4r vanligtvis tillverkade av kraftigt glas, vilket s\u00e4kerst\u00e4ller b\u00e5de h\u00e5llbarhet och en f\u00f6rstklassig k\u00e4nsla.<\/li>\n<li><strong>Optimal storlek<\/strong>: De \u00e4r tillr\u00e4ckligt stora f\u00f6r att blanda tv\u00e5 eller flera cocktails samtidigt, vanligtvis rymmer mellan 16 och 24 uns.<\/li>\n<li><strong>Stabilitet<\/strong>: En bred bas \u00e4r en vanlig egenskap som ger stabilitet och minskar risken att v\u00e4lta under omr\u00f6rning.<\/li>\n<li><strong>Ergonomisk design<\/strong>: Formen \u00e4r designad f\u00f6r enkel anv\u00e4ndning, med tillr\u00e4ckligt med utrymme f\u00f6r att bekv\u00e4mt r\u00f6ra om ingredienser utan att spilla.<\/li>\n<li><strong>Pip f\u00f6r h\u00e4llning<\/strong>: En pip eller en v\u00e4ldesignad l\u00e4pp \u00e4r avg\u00f6rande f\u00f6r en j\u00e4mn upph\u00e4llning, vilket g\u00f6r det m\u00f6jligt att \u00f6verf\u00f6ra cocktailen till ett serveringsglas utan dropp.<\/li>\n<li><strong>Tydlig synlighet<\/strong>: Glasets genomskinlighet m\u00f6jligg\u00f6r visuell bed\u00f6mning av cocktailens f\u00e4rg och konsistens under blandning.<\/li>\n<li><strong>Estetiskt tilltalande<\/strong>: M\u00e5nga mixerglas kommer med eleganta etsningar eller design, vilket g\u00f6r dem inte bara till ett verktyg utan ett konstverk p\u00e5 baren.<\/li>\n<li><strong>Tjocka v\u00e4ggar<\/strong>: V\u00e4ggarna \u00e4r vanligtvis tjockare \u00e4n standardglas, vilket hj\u00e4lper till att uppr\u00e4tth\u00e5lla temperaturen p\u00e5 drycken under blandningsprocessen.<\/li>\n<li><strong>M\u00e5ngsidighet<\/strong>: L\u00e4mplig f\u00f6r ett brett utbud av cocktails, s\u00e4rskilt de som kr\u00e4ver en f\u00f6rsiktig omr\u00f6rning f\u00f6r att blanda smaker och sp\u00e4da p\u00e5 l\u00e4mpligt s\u00e4tt.<\/li>\n<li><strong>Professionellt och hemmabruk<\/strong>: Designad f\u00f6r b\u00e5de professionella bartendrar och hementusiaster, och erbjuder en touch av sofistikering till cocktailtillverkningsprocessen.<\/li>\n<\/ol>\n<h2><strong>Anv\u00e4ndningen av cocktailblandningsglas<\/strong><\/h2>\n<ol>\n<li><strong>F\u00f6r omr\u00f6rningscocktails:<\/strong> Den prim\u00e4ra anv\u00e4ndningen av ett cocktailglas \u00e4r f\u00f6r omr\u00f6rning av drycker. Det \u00e4r s\u00e4rskilt idealiskt f\u00f6r cocktails som \u00e4r b\u00e4st n\u00e4r de r\u00f6rs f\u00f6rsiktigt f\u00f6r att blandas, snarare \u00e4n skakas. Omr\u00f6rning i ett blandningsglas hj\u00e4lper till att uppn\u00e5 en j\u00e4mn, v\u00e4lintegrerad och klar cocktail.<\/li>\n<li><strong>Temperaturkontroll:<\/strong> Blandningsglaset anv\u00e4nds f\u00f6r att kyla cocktails utan att orsaka den luftning eller utsp\u00e4dning som kan uppst\u00e5 vid skakning. Is l\u00e4ggs till glaset tillsammans med cocktailingredienserna och blandningen r\u00f6rs om f\u00f6r att kyla den j\u00e4mnt.<\/li>\n<li><strong>Luftningskontroll:<\/strong> Omr\u00f6rning i ett blandningsglas m\u00f6jligg\u00f6r minimal luftning och bibeh\u00e5ller dryckens konsistens och klarhet. Detta \u00e4r s\u00e4rskilt viktigt f\u00f6r sprit-fram\u00e5t cocktails som Martinis eller Manhattans.<\/li>\n<li><strong>Volym och effektivitet:<\/strong> Ett cocktailglas av bra storlek kan rymma flera portioner, vilket g\u00f6r att bartenders effektivt kan blanda tv\u00e5 eller flera drinkar samtidigt.<\/li>\n<li><strong>Presentation och estetik:<\/strong> Glasets klarhet och design ger en visuell tilltalande, vilket g\u00f6r att mixologen kan visa upp sina f\u00e4rdigheter och sk\u00f6nheten i cocktailingredienserna n\u00e4r de blandas.<\/li>\n<li><strong>Sila cocktailen:<\/strong> Efter omr\u00f6rning silas cocktailen vanligtvis (med en Hawthorne- eller Julep-sil) i serveringsglaset. Pipen p\u00e5 blandningsglaset underl\u00e4ttar en j\u00e4mn h\u00e4llning och f\u00f6rhindrar spill.<\/li>\n<li><strong>Kvalitet och smak:<\/strong> Genom att anv\u00e4nda ett cocktailmixerglas kan bartenders s\u00e4kerst\u00e4lla en konsekvent och h\u00f6gkvalitativ cocktail med balanserad utsp\u00e4dning, temperatur och integrering av smaker.<\/li>\n<\/ol>\n<h2><strong>Vanliga fr\u00e5gor om cocktailblandningsglas<\/strong><\/h2>\n<ol>\n<li><strong>Beh\u00f6ver jag verkligen ett cocktailglas?<\/strong>\n<ul>\n<li>Ja, om du tycker om att tillverka cocktails hemma, s\u00e4rskilt omr\u00f6rda drycker som Martinis eller Manhattans, \u00e4r ett blandningsglas viktigt. Det ger den r\u00e4tta milj\u00f6n f\u00f6r att f\u00f6rsiktigt r\u00f6ra om cocktailen, vilket s\u00e4kerst\u00e4ller korrekt utsp\u00e4dning och kylning.<\/li>\n<\/ul>\n<\/li>\n<li><strong>Vad \u00e4r skillnaden mellan en shaker och ett mixerglas?<\/strong>\n<ul>\n<li>En shaker anv\u00e4nds f\u00f6r cocktails som beh\u00f6ver skakas kraftigt f\u00f6r att kombinera ingredienser, sp\u00e4da ut och kyla snabbt. D\u00e4remot \u00e4r ett blandningsglas f\u00f6r omr\u00f6rning, erbjuder ett mer skonsamt tillv\u00e4gag\u00e5ngss\u00e4tt, bevarar klarheten och konsistensen av cocktailen.<\/li>\n<\/ul>\n<\/li>\n<li><strong>Vad \u00e4r skillnaden mellan ett blandningsglas och ett pintglas?<\/strong>\n<ul>\n<li>Ett blandningsglas \u00e4r speciellt utformat f\u00f6r att blanda cocktails, vanligtvis gjorda av tyngre glas med en h\u00e4llpip. Ett pintglas \u00e4r mer f\u00f6r att servera \u00f6l och \u00e4r inte idealiskt f\u00f6r cocktailberedning.<\/li>\n<\/ul>\n<\/li>\n<li><strong>Kan man dricka ur ett blandningsglas?<\/strong>\n<ul>\n<li>\u00c4ven om det \u00e4r tekniskt m\u00f6jligt, rekommenderas det inte. Blandningsglas \u00e4r designade f\u00f6r att f\u00f6rbereda cocktails, inte f\u00f6r att dricka fr\u00e5n dem.<\/li>\n<\/ul>\n<\/li>\n<li><strong>Vilka drycker beh\u00f6ver ett blandningsglas?<\/strong>\n<ul>\n<li>Cocktails som \u00e4r spritfram\u00e5triktade och som inte kr\u00e4ver skakning g\u00f6rs b\u00e4st i ett blandningsglas. Exempel inkluderar Old Fashioned, Negroni och Martini.<\/li>\n<\/ul>\n<\/li>\n<li><strong>Anv\u00e4nder du ett mixerglas till Old Fashioned?<\/strong>\n<ul>\n<li>Ja, en gammaldags kan r\u00f6ras i ett blandningsglas, \u00e4ven om det ofta tillagas direkt i serveringsglaset.<\/li>\n<\/ul>\n<\/li>\n<li><strong>Vad heter en bartenders mixerglas?<\/strong>\n<ul>\n<li>Det kallas vanligtvis ett blandningsglas eller ett bartenderglas. Vissa kanske kallar det ett Yarai-glas, vilket \u00e4r en specifik, vackert etsad typ av blandningsglas.<\/li>\n<\/ul>\n<\/li>\n<li><strong>Kan jag anv\u00e4nda en masonburk ist\u00e4llet f\u00f6r en cocktailshaker?<\/strong>\n<ul>\n<li>Absolut! En masonburk kan vara ett bra alternativ till en cocktailshaker. Se bara till att den \u00e4r t\u00e4tt f\u00f6rsluten innan du skakar.<\/li>\n<\/ul>\n<\/li>\n<li><strong>Kan jag anv\u00e4nda en vattenflaska ist\u00e4llet f\u00f6r en cocktailshaker?<\/strong>\n<ul>\n<li>I ett nafs, ja. En ren, robust vattenflaska kan anv\u00e4ndas som en provisorisk shaker.<\/li>\n<\/ul>\n<\/li>\n<li><strong>Vilken storlek blandningsglas beh\u00f6ver jag?<\/strong>\n<ul>\n<li>Det beror p\u00e5 dina behov. Om du vanligtvis g\u00f6r cocktails f\u00f6r en eller tv\u00e5, r\u00e4cker det med en mindre storlek runt 16 uns. F\u00f6r st\u00f6rre partier, g\u00e5 f\u00f6r en 24-ounce eller st\u00f6rre.<\/li>\n<\/ul>\n<\/li>\n<li><strong>Kan jag anpassa cocktailmixerglas med min bars logotyp p\u00e5 Lida Glassware?<\/strong>\n<ul>\n<li>Ja, vi erbjuder kundanpassningstj\u00e4nster inklusive logotyptryck eller etsning p\u00e5 cocktailglas. Detta \u00e4r ett utm\u00e4rkt s\u00e4tt att f\u00f6rb\u00e4ttra ditt varum\u00e4rkes n\u00e4rvaro i din anl\u00e4ggning.<\/li>\n<\/ul>\n<\/li>\n<li><strong>Vilka \u00e4r anpassningsalternativen f\u00f6r cocktailmixer?<\/strong>\n<ul>\n<li>Vi erbjuder olika <strong><a href=\"https:\/\/lidaglassware.com\/sv\/customization\/\" target=\"_blank\" rel=\"noopener sponsored\">alternativ<\/a><\/strong> som etsning, gravering och tryckning. Anpassningar kan str\u00e4cka sig fr\u00e5n enkel text till intrikata logotyper eller design.<\/li>\n<\/ul>\n<\/li>\n<li><strong>Hur fungerar anpassningsprocessen f\u00f6r cocktailmixerglas p\u00e5 Lida Glassware?<\/strong>\n<ul>\n<li>Processen b\u00f6rjar vanligtvis med din designinl\u00e4mning. V\u00e5rt team granskar sedan designen f\u00f6r genomf\u00f6rbarhet, ger f\u00f6rslag om det beh\u00f6vs och efter godk\u00e4nnande forts\u00e4tter vi med anpassningen.<\/li>\n<\/ul>\n<\/li>\n<li><strong>Finns det en minsta best\u00e4llningskvantitet f\u00f6r att anpassa cocktailmixerglas?<\/strong>\n<ul>\n<li>Ja, vi har en minsta best\u00e4llningskvantitet f\u00f6r anpassningar f\u00f6r att uppr\u00e4tth\u00e5lla effektivitet och kostnadseffektivitet. Den specifika kvantiteten kan variera beroende p\u00e5 typen av anpassning.<\/li>\n<\/ul>\n<\/li>\n<li><strong>Kan jag beg\u00e4ra en prototyp av det skr\u00e4ddarsydda cocktailglaset innan jag l\u00e4gger en fullst\u00e4ndig best\u00e4llning?<\/strong>\n<ul>\n<li>Absolut! Vi kan tillhandah\u00e5lla en prototyp eller prov f\u00f6r ditt godk\u00e4nnande. Detta s\u00e4kerst\u00e4ller att den slutliga produkten uppfyller dina f\u00f6rv\u00e4ntningar.<\/li>\n<\/ul>\n<\/li>\n<li><strong>Vad \u00e4r ledtiden f\u00f6r att anpassa cocktailmixerglas?<\/strong>\n<ul>\n<li>Ledtiden kan variera beroende p\u00e5 designens komplexitet och orderstorleken. Vi str\u00e4var efter att slutf\u00f6ra anpassade best\u00e4llningar i tid och vi kan tillhandah\u00e5lla en mer specifik tidslinje vid best\u00e4llning.<\/li>\n<\/ul>\n<\/li>\n<li><strong>Hur tar jag hand om mina skr\u00e4ddarsydda cocktailglas?<\/strong>\n<ul>\n<li>Vi rekommenderar handtv\u00e4tt f\u00f6r utskrifter och gravyrer som h\u00e5ller l\u00e4ngre, speciellt f\u00f6r \u00f6mt\u00e5liga m\u00f6nster. Undvik att anv\u00e4nda slipande material vid reng\u00f6ring.<\/li>\n<\/ul>\n<\/li>\n<\/ol>","protected":false},"excerpt":{"rendered":"<p>Ett cocktailmixerglas \u00e4r ett viktigt verktyg inom mixologikonsten, s\u00e4rskilt f\u00f6r att koka ihop drycker som kr\u00e4ver en omr\u00f6rd, inte skakad metod. Typiskt gjord av glas, \u00e4r detta k\u00e4rl k\u00e4nt f\u00f6r sin elegans och praktiska f\u00f6rberedelser av en m\u00e4ngd olika cocktails.<\/p>","protected":false},"featured_media":4028,"comment_status":"closed","ping_status":"closed","template":"","meta":[],"class_list":["post-4020","product","type-product","status-publish","has-post-thumbnail","hentry","product_cat-cocktail-glasses","product_tag-cocktail-glasses"],"_links":{"self":[{"href":"https:\/\/lidaglassware.com\/sv\/wp-json\/wp\/v2\/product\/4020","targetHints":{"allow":["GET"]}}],"collection":[{"href":"https:\/\/lidaglassware.com\/sv\/wp-json\/wp\/v2\/product"}],"about":[{"href":"https:\/\/lidaglassware.com\/sv\/wp-json\/wp\/v2\/types\/product"}],"replies":[{"embeddable":true,"href":"https:\/\/lidaglassware.com\/sv\/wp-json\/wp\/v2\/comments?post=4020"}],"wp:featuredmedia":[{"embeddable":true,"href":"https:\/\/lidaglassware.com\/sv\/wp-json\/wp\/v2\/media\/4028"}],"wp:attachment":[{"href":"https:\/\/lidaglassware.com\/sv\/wp-json\/wp\/v2\/media?parent=4020"}],"curies":[{"name":"wp","href":"https:\/\/api.w.org\/{rel}","templated":true}]}}