{"id":4122,"date":"2024-01-21T23:59:36","date_gmt":"2024-01-22T07:59:36","guid":{"rendered":"https:\/\/lidaglassware.com\/?post_type=product&#038;p=4122"},"modified":"2024-01-22T00:33:07","modified_gmt":"2024-01-22T08:33:07","slug":"premium-vintage-cocktail-glasses","status":"publish","type":"product","link":"https:\/\/lidaglassware.com\/sv\/produkt\/premium-vintage-cocktail-glasses\/","title":{"rendered":"Premium vintage cocktailglas\u00f6gon"},"content":{"rendered":"<div class=\"w-full text-token-text-primary\" data-testid=\"conversation-turn-53\">\n<div class=\"px-4 py-2 justify-center text-base md:gap-6 m-auto\">\n<div class=\"flex flex-1 text-base mx-auto gap-3 md:px-5 lg:px-1 xl:px-5 md:max-w-3xl lg:max-w-[40rem] xl:max-w-[48rem] group\">\n<div class=\"relative flex w-full flex-col lg:w-[calc(100%-115px)]\">\n<div class=\"flex-col gap-1 md:gap-3\">\n<div class=\"flex flex-grow flex-col max-w-full\">\n<div class=\"min-h-[20px] text-message flex flex-col items-start gap-3 whitespace-pre-wrap break-words [.text-message+&amp;]:mt-5 overflow-x-auto\" data-message-author-role=\"user\" data-message-id=\"aaa25022-d19a-48eb-ab69-8580ad465879\">\n<h2><strong>Funktioner hos Premium Vintage Cocktailglas\u00f6gon<\/strong><\/h2>\n<\/div>\n<\/div>\n<div class=\"mt-1 flex justify-start gap-3 empty:hidden\">\n<div class=\"text-gray-400 flex self-end lg:self-center justify-center lg:justify-start mt-0 -ml-1 visible\">\n<div class=\"flex items-center gap-1.5 text-xs\">\n<div class=\"flex-1 overflow-hidden\">\n<div class=\"react-scroll-to-bottom--css-hzdtm-79elbk h-full\">\n<div class=\"react-scroll-to-bottom--css-hzdtm-1n7m0yu\">\n<div class=\"flex flex-col pb-9 text-sm\">\n<div class=\"w-full text-token-text-primary\" data-testid=\"conversation-turn-54\">\n<div class=\"px-4 py-2 justify-center text-base md:gap-6 m-auto\">\n<div class=\"flex flex-1 text-base mx-auto gap-3 md:px-5 lg:px-1 xl:px-5 md:max-w-3xl lg:max-w-[40rem] xl:max-w-[48rem] group final-completion\">\n<div class=\"relative flex w-full flex-col lg:w-[calc(100%-115px)] agent-turn\">\n<div class=\"flex-col gap-1 md:gap-3\">\n<div class=\"flex flex-grow flex-col max-w-full\">\n<div class=\"min-h-[20px] text-message flex flex-col items-start gap-3 whitespace-pre-wrap break-words [.text-message+&amp;]:mt-5 overflow-x-auto\" data-message-author-role=\"assistant\" data-message-id=\"bf07d171-3d97-4b13-8b99-395d1abafaf1\">\n<div class=\"markdown prose w-full break-words dark:prose-invert light\">\n<ul>\n<li><strong>Elegant Crystal Cut Design<\/strong>: Glas\u00f6gonen har ett detaljerat kristallsnitt som erbjuder en taktil upplevelse och ett visuellt fantastiskt utseende som f\u00e5ngar och bryter ljuset vackert.<\/li>\n<li><strong>M\u00e5ngsidig bred sk\u00e5l<\/strong>: Den breda sk\u00e5ldesignen \u00e4r inte bara f\u00f6r estetik; den \u00e4r perfekt f\u00f6r att frig\u00f6ra aromerna av komplexa cocktails, vilket f\u00f6rh\u00f6jer dricksupplevelsen.<\/li>\n<li><strong>Robust, raffinerad stam<\/strong>: En l\u00e5ng, smal skaft ger en sofistikerad siluett samtidigt som drycken h\u00e5ller sig sval, eftersom den minimerar kontakten mellan din hand och sk\u00e5len.<\/li>\n<li><strong>H\u00f6gkvalitativt glasmaterial<\/strong>: Tillverkade av premiumglas, dessa vintage cocktailglas lovar h\u00e5llbarhet och klarhet, vilket s\u00e4kerst\u00e4ller att de f\u00f6rblir en central del av din barwarekollektion i flera \u00e5r.<\/li>\n<li><strong>Perfekt volym<\/strong>: Glasen \u00e4r dimensionerade f\u00f6r att h\u00e5lla den perfekta m\u00e4ngden av din f\u00f6redragna cocktail, vilket balanserar behovet av smakkoncentration och r\u00e4tt m\u00e4ngd is.<\/li>\n<li><strong>Tidl\u00f6s appell<\/strong>: Med en design som \u00f6verskrider trender \u00e4r dessa glas\u00f6gon l\u00e4mpliga f\u00f6r b\u00e5de moderna och traditionella milj\u00f6er, vilket ger klass till alla tillf\u00e4llen.<\/li>\n<li><strong>L\u00e4tt att st\u00e4da<\/strong>: Trots sin komplicerade design \u00e4r glasen l\u00e4tta att reng\u00f6ra och bibeh\u00e5ller sin gnistra och hygien med minimal anstr\u00e4ngning.<\/li>\n<li><strong>Present-f\u00e4rdig f\u00f6rpackning<\/strong>: De kommer ofta i vackra f\u00f6rpackningar som g\u00f6r dem perfekta f\u00f6r presenter till entusiaster av gott att dricka eller som ett fantastiskt komplement till alla glasvaror.<\/li>\n<\/ul>\n<\/div>\n<h2><strong>Anv\u00e4ndningen av premium vintage cocktailglas\u00f6gon<\/strong><\/h2>\n<\/div>\n<\/div>\n<div class=\"mt-1 flex justify-start gap-3 empty:hidden\"><\/div>\n<\/div>\n<div class=\"absolute\">\n<div class=\"flex w-full gap-2 items-center justify-center\">\n<ul>\n<li><strong>F\u00f6rb\u00e4ttra smakprofiler<\/strong>: Formen och designen p\u00e5 premium vintage cocktailglas \u00e4r gjorda f\u00f6r att accentuera smakerna och aromerna av b\u00e5de klassiska och moderna cocktails.<\/li>\n<li><strong>Upph\u00f6jande presentation<\/strong>: De intrikata snitten och klassiska utformningen av dessa glas ger en imponerande visuell presentation som g\u00f6r varje cocktail till en mittpunkt.<\/li>\n<li><strong>F\u00f6r speciella tillf\u00e4llen<\/strong>: De l\u00e4gger till ett lager av sofistikering till firandet, vilket g\u00f6r dem idealiska f\u00f6r \u00e5rsdagar, formella middagar och milstolpeevenemang.<\/li>\n<li><strong>M\u00e5ngsidiga dryckesartiklar<\/strong>: L\u00e4mplig f\u00f6r ett brett utbud av drycker ut\u00f6ver cocktails, inklusive mocktails, aperitifer och annan sprit som kr\u00e4ver elegant presentation.<\/li>\n<li><strong>Hem Bar Staple<\/strong>: Ett m\u00e5ste f\u00f6r alla hemmabarer, som ger b\u00e5de funktionalitet och en touch av klass som kan h\u00f6ja hemmets underh\u00e5llande upplevelse.<\/li>\n<li><strong>Samlarobjekt<\/strong>: F\u00f6r glasentusiaster och samlare fungerar dessa glas\u00f6gon som ett samlarobjekt som f\u00f6rkroppsligar charmen och elegansen hos vintagedesign.<\/li>\n<li><strong>Gifting Syfte<\/strong>: De ger omt\u00e4nksamma och lyxiga presenter till br\u00f6llop, inflyttningsfester eller alla tillf\u00e4llen som f\u00f6rtj\u00e4nar en sk\u00e5l med n\u00e5got lite mer speciellt.<\/li>\n<li><strong>Professionell anv\u00e4ndning<\/strong>: Idealisk f\u00f6r anv\u00e4ndning i exklusiva barer och restauranger d\u00e4r kundupplevelsen f\u00f6rst\u00e4rks av dryckens kvalitet och estetik.<\/li>\n<\/ul>\n<p><img fetchpriority=\"high\" decoding=\"async\" class=\"aligncenter wp-image-4127\" src=\"https:\/\/lidaglassware.com\/wp-content\/uploads\/2024\/01\/vintage-cocktail-glasses-5.jpg\" alt=\"vintage cocktailglas\" width=\"576\" height=\"500\" srcset=\"https:\/\/lidaglassware.com\/wp-content\/uploads\/2024\/01\/vintage-cocktail-glasses-5.jpg 790w, https:\/\/lidaglassware.com\/wp-content\/uploads\/2024\/01\/vintage-cocktail-glasses-5-300x261.jpg 300w, https:\/\/lidaglassware.com\/wp-content\/uploads\/2024\/01\/vintage-cocktail-glasses-5-768x667.jpg 768w, https:\/\/lidaglassware.com\/wp-content\/uploads\/2024\/01\/vintage-cocktail-glasses-5-14x12.jpg 14w, https:\/\/lidaglassware.com\/wp-content\/uploads\/2024\/01\/vintage-cocktail-glasses-5-600x521.jpg 600w\" sizes=\"(max-width: 576px) 100vw, 576px\" \/><\/p>\n<\/div>\n<h2><strong>Vanliga fr\u00e5gor om Premium Vintage Cocktailglas\u00f6gon<\/strong><\/h2>\n<\/div>\n<\/div>\n<\/div>\n<\/div>\n<\/div>\n<\/div>\n<\/div>\n<\/div>\n<\/div>\n<div class=\"w-full pt-2 md:pt-0 dark:border-white\/20 md:border-transparent md:dark:border-transparent md:w-[calc(100%-.5rem)]\">\n<form class=\"stretch mx-2 flex flex-row gap-3 last:mb-2 md:mx-4 md:last:mb-6 lg:mx-auto lg:max-w-2xl xl:max-w-3xl\" action=\"\">\n<div class=\"relative flex h-full flex-1 items-stretch md:flex-col\">\n<div class=\"flex w-full items-center\">\n<p><strong>F: Vad g\u00f6r dessa cocktailglas &quot;vintage&quot;?<\/strong> S: Termen &quot;vintage&quot; syftar p\u00e5 den klassiska designen och estetiken som g\u00e5r tillbaka till en viss era av cocktailkultur. V\u00e5ra premium vintage cocktailglas har tidl\u00f6sa m\u00f6nster och former som p\u00e5minner om historiska glasstilar.<\/p>\n<p><strong>F: G\u00e5r dessa glas\u00f6gon i diskmaskin?<\/strong> S: \u00c4ven om de \u00e4r h\u00e5llbara rekommenderar vi att handtv\u00e4tta dessa premiumglas\u00f6gon f\u00f6r att beh\u00e5lla deras klarhet och intrikata detaljer.<\/p>\n<p><strong>F: Kan dessa glas anv\u00e4ndas f\u00f6r vardagsdrickande?<\/strong> A: Absolut. \u00c4ven om de \u00e4r eleganta och idealiska f\u00f6r speciella tillf\u00e4llen, g\u00f6r deras robusta konstruktion dem l\u00e4mpliga f\u00f6r dagligt bruk.<\/p>\n<p><strong>F: Hur mycket v\u00e4tska rymmer dessa glas\u00f6gon?<\/strong> S: Kapaciteten varierar beroende p\u00e5 design, men vanligtvis rymmer v\u00e5ra vintage cocktailglas mellan 5 och 10 uns, och rymmer ett brett utbud av cocktails.<\/p>\n<p><strong>F: Vad \u00e4r det b\u00e4sta s\u00e4ttet att reng\u00f6ra och ta hand om dessa glas\u00f6gon?<\/strong> S: Handtv\u00e4tt f\u00f6rsiktigt med mild tv\u00e5l och ljummet vatten, polera sedan med en mjuk trasa f\u00f6r att beh\u00e5lla glasets glans.<\/p>\n<p><strong>F: \u00c4r glasen blyfria?<\/strong> S: Ja, v\u00e5ra Premium Vintage Cocktailglas\u00f6gon \u00e4r gjorda av blyfria material, vilket garanterar s\u00e4kerhet utan att kompromissa med kvalitet eller estetik.<\/p>\n<p><strong>F: Kommer dessa glas\u00f6gon med en garanti?<\/strong> S: Vi st\u00e5r bakom kvaliteten p\u00e5 v\u00e5ra glasvaror och erbjuder en garanti mot tillverkningsfel. Se v\u00e5r garantipolicy f\u00f6r detaljer.<\/p>\n<p><strong>F: Kan jag best\u00e4lla dessa glas\u00f6gon i l\u00f6svikt f\u00f6r ett evenemang eller som f\u00f6retagspresenter?<\/strong> A: Visst. Vi erbjuder m\u00f6jligheten att k\u00f6pa i bulk och kan diskutera anpassningsalternativ f\u00f6r st\u00f6rre best\u00e4llningar.<\/p>\n<p><strong>F: \u00c4r dessa glas l\u00e4mpliga f\u00f6r att servera vin eller andra drycker?<\/strong> S: \u00c4ven om de \u00e4r designade med cocktails i \u00e5tanke, g\u00f6r den m\u00e5ngsidiga karakt\u00e4ren hos dessa glas dem l\u00e4mpliga f\u00f6r en m\u00e4ngd olika drycker, inklusive vin och alkoholfria drycker.<\/p>\n<p><strong>F: Hur \u00e4r dessa glas\u00f6gon f\u00f6rpackade?<\/strong> S: Varje upps\u00e4ttning glas\u00f6gon \u00e4r noggrant f\u00f6rpackad i en skyddsl\u00e5da som \u00e4r l\u00e4mplig f\u00f6r f\u00f6rvaring och presentutdelning, vilket s\u00e4kerst\u00e4ller att de kommer fram i perfekt skick.<\/p>\n<\/div>\n<\/div>\n<input type=\"hidden\" name=\"trp-form-language\" value=\"sv\"\/><\/form>\n<\/div>\n<\/div>\n<\/div>\n<\/div>\n<\/div>\n<\/div>\n<\/div>\n<\/div>\n<\/div>\n<div class=\"w-full text-token-text-primary\" data-testid=\"conversation-turn-54\">\n<div class=\"px-4 py-2 justify-center text-base md:gap-6 m-auto\">\n<div class=\"flex flex-1 text-base mx-auto gap-3 md:px-5 lg:px-1 xl:px-5 md:max-w-3xl lg:max-w-[40rem] xl:max-w-[48rem] group final-completion\">\n<div class=\"flex-shrink-0 flex flex-col relative items-end\">\n<div>\n<div class=\"pt-0.5\">\n<div class=\"gizmo-shadow-stroke flex h-6 w-6 items-center justify-center overflow-hidden rounded-full\">\n<div class=\"relative p-1 rounded-sm h-9 w-9 text-white flex items-center justify-center\"><\/div>\n<\/div>\n<\/div>\n<\/div>\n<\/div>\n<\/div>\n<\/div>\n<\/div>","protected":false},"excerpt":{"rendered":"<p>Dessa vintage cocktailglas uppvisar en elegant design med en bred sk\u00e5l och en robust skaft, perfekt f\u00f6r att servera klassiska cocktails. Glasets intrikata kristallsnitt ger en touch av sofistikering, vilket g\u00f6r dem perfekta f\u00f6r tillf\u00e4llen som kr\u00e4ver en skv\u00e4tt storhet. Oavsett om de anv\u00e4nds f\u00f6r att servera en kyld cocktail eller som ett uttalande p\u00e5 ditt matbord, tillf\u00f6r dessa glas vintage charm till alla milj\u00f6er.<\/p>","protected":false},"featured_media":4123,"comment_status":"closed","ping_status":"closed","template":"","meta":[],"class_list":["post-4122","product","type-product","status-publish","has-post-thumbnail","hentry","product_cat-cocktail-glasses","product_tag-cocktail-glasses"],"_links":{"self":[{"href":"https:\/\/lidaglassware.com\/sv\/wp-json\/wp\/v2\/product\/4122","targetHints":{"allow":["GET"]}}],"collection":[{"href":"https:\/\/lidaglassware.com\/sv\/wp-json\/wp\/v2\/product"}],"about":[{"href":"https:\/\/lidaglassware.com\/sv\/wp-json\/wp\/v2\/types\/product"}],"replies":[{"embeddable":true,"href":"https:\/\/lidaglassware.com\/sv\/wp-json\/wp\/v2\/comments?post=4122"}],"wp:featuredmedia":[{"embeddable":true,"href":"https:\/\/lidaglassware.com\/sv\/wp-json\/wp\/v2\/media\/4123"}],"wp:attachment":[{"href":"https:\/\/lidaglassware.com\/sv\/wp-json\/wp\/v2\/media?parent=4122"}],"curies":[{"name":"wp","href":"https:\/\/api.w.org\/{rel}","templated":true}]}}