{"id":4139,"date":"2024-01-22T01:16:46","date_gmt":"2024-01-22T09:16:46","guid":{"rendered":"https:\/\/lidaglassware.com\/?post_type=product&#038;p=4139"},"modified":"2024-01-22T01:16:47","modified_gmt":"2024-01-22T09:16:47","slug":"elegant-bird-cocktail-glasses","status":"publish","type":"product","link":"https:\/\/lidaglassware.com\/sv\/produkt\/elegant-bird-cocktail-glasses\/","title":{"rendered":"Eleganta f\u00e5gelcocktailglas\u00f6gon"},"content":{"rendered":"<h2><strong>Produktegenskaper f\u00f6r f\u00e5gelcocktailglas\u00f6gon<\/strong><\/h2>\n<div class=\"flex-1 overflow-hidden\">\n<div class=\"react-scroll-to-bottom--css-hzdtm-79elbk h-full\">\n<div class=\"react-scroll-to-bottom--css-hzdtm-1n7m0yu\">\n<div class=\"flex flex-col pb-9 text-sm\">\n<div class=\"w-full text-token-text-primary\" data-testid=\"conversation-turn-76\">\n<div class=\"px-4 py-2 justify-center text-base md:gap-6 m-auto\">\n<div class=\"flex flex-1 text-base mx-auto gap-3 md:px-5 lg:px-1 xl:px-5 md:max-w-3xl lg:max-w-[40rem] xl:max-w-[48rem] group final-completion\">\n<div class=\"relative flex w-full flex-col lg:w-[calc(100%-115px)] agent-turn\">\n<div class=\"flex-col gap-1 md:gap-3\">\n<div class=\"flex flex-grow flex-col max-w-full\">\n<div class=\"min-h-[20px] text-message flex flex-col items-start gap-3 whitespace-pre-wrap break-words [.text-message+&amp;]:mt-5 overflow-x-auto\" data-message-author-role=\"assistant\" data-message-id=\"f9cad72a-2681-4b07-bcb0-1a68643c14f0\">\n<div class=\"markdown prose w-full break-words dark:prose-invert light\">\n<ul>\n<li><strong>Unik avi\u00e4r design<\/strong>: Varje glas har en distinkt f\u00e5gelformad sk\u00e5l, vilket ger en elegant och fantasifull twist till din cocktailpresentation.<\/li>\n<li><strong>Premium hantverk<\/strong>: Dessa glas \u00e4r tillverkade av h\u00f6gkvalitativt glasmaterial och har en klar, gl\u00e4nsande finish som framh\u00e4ver de livfulla f\u00e4rgerna p\u00e5 dina cocktails.<\/li>\n<li><strong>Stabil och graci\u00f6s stam<\/strong>: Det l\u00e5nga, smala skaftet ger inte bara ett bekv\u00e4mt grepp utan ger ocks\u00e5 stabilitet, f\u00f6rhindrar spill och h\u00e5ller temperaturen p\u00e5 din dryck.<\/li>\n<li><strong>Perfekt kapacitet<\/strong>: Designade f\u00f6r att h\u00e5lla den perfekta volymen av dina favoritdrinkar, dessa glas skapar den perfekta balansen mellan en visuell njutning och en smaksensation.<\/li>\n<li><strong>M\u00e5ngsidig anv\u00e4ndning<\/strong>: \u00c4ven om de \u00e4r perfekta f\u00f6r cocktails, g\u00f6r deras m\u00e5ngsidiga form dem ocks\u00e5 l\u00e4mpliga f\u00f6r servering av aperitifer, digestif eller till och med desserter.<\/li>\n<li><strong>Konversationsstartare<\/strong>: Den nyckfulla designen kommer definitivt att f\u00e5nga dina g\u00e4sters blick, vilket g\u00f6r dessa glas\u00f6gon till en diskussionspunkt vid alla evenemang.<\/li>\n<li><strong>L\u00e4tt att st\u00e4da<\/strong>: Trots den intrikata designen \u00e4r glasen l\u00e4tta att tv\u00e4tta, vilket s\u00e4kerst\u00e4ller att de kan h\u00e5llas gnistrande rena med minimal anstr\u00e4ngning.<\/li>\n<li><strong>Present redo<\/strong>Elegant Bird Cocktailglas\u00f6gon \u00e4r f\u00f6rpackade i en attraktiv kartong och \u00e4r redo att ges som en minnesv\u00e4rd present f\u00f6r alla tillf\u00e4llen.<\/li>\n<\/ul>\n<\/div>\n<\/div>\n<h2><strong>Anv\u00e4ndningen av eleganta f\u00e5gelcocktailglas\u00f6gon<\/strong><\/h2>\n<div class=\"flex-1 overflow-hidden\">\n<div class=\"react-scroll-to-bottom--css-hzdtm-79elbk h-full\">\n<div class=\"react-scroll-to-bottom--css-hzdtm-1n7m0yu\">\n<div class=\"flex flex-col pb-9 text-sm\">\n<div class=\"w-full text-token-text-primary\" data-testid=\"conversation-turn-78\">\n<div class=\"px-4 py-2 justify-center text-base md:gap-6 m-auto\">\n<div class=\"flex flex-1 text-base mx-auto gap-3 md:px-5 lg:px-1 xl:px-5 md:max-w-3xl lg:max-w-[40rem] xl:max-w-[48rem] group final-completion\">\n<div class=\"relative flex w-full flex-col lg:w-[calc(100%-115px)] agent-turn\">\n<div class=\"flex-col gap-1 md:gap-3\">\n<div class=\"flex flex-grow flex-col max-w-full\">\n<div class=\"min-h-[20px] text-message flex flex-col items-start gap-3 whitespace-pre-wrap break-words [.text-message+&amp;]:mt-5 overflow-x-auto\" data-message-author-role=\"assistant\" data-message-id=\"c4539ca1-33f7-4309-9a46-759d9ed7a08c\">\n<div class=\"markdown prose w-full break-words dark:prose-invert light\">\n<ul>\n<li><strong>Visa upp signaturcocktails<\/strong>: Dessa eleganta f\u00e5gelcocktailglas \u00e4r designade f\u00f6r att presentera dina signaturcocktails med en stil som kompletterar deras unika smaker och f\u00e4rger.<\/li>\n<li><strong>Temafester<\/strong>: Deras distinkta f\u00e5geldesign g\u00f6r dem till ett idealiskt val f\u00f6r temafester eller evenemang, vilket ger en kreativ touch till din dukning.<\/li>\n<li><strong>G\u00e5vor till f\u00e5gel\u00e4lskare och samlare<\/strong>: Den unika estetiken hos dessa glas g\u00f6r dem till en perfekt present f\u00f6r f\u00e5gelentusiaster eller samlare av nya glasvaror.<\/li>\n<li><strong>F\u00f6rb\u00e4ttrad dryckesupplevelse<\/strong>: Formen p\u00e5 glaset \u00e4r skr\u00e4ddarsydd f\u00f6r att f\u00f6rst\u00e4rka aromen och smaken av cocktailen, vilket g\u00f6r varje klunk till en lyxig upplevelse.<\/li>\n<li><strong>Dekorativa bitar<\/strong>: N\u00e4r de inte anv\u00e4nds f\u00f6r drinkar, kan dessa glas fungera som eleganta dekorativa pj\u00e4ser p\u00e5 hyllor eller i ett sk\u00e5p, vilket ger en touch av nyckfullhet till heminredning.<\/li>\n<li><strong>Speciella tillf\u00e4llen<\/strong>: De \u00e4r s\u00e4rskilt passande f\u00f6r fester och speciella tillf\u00e4llen, d\u00e4r du vill l\u00e4gga till ett element av sofistikering och \u00f6verraskning till festligheterna.<\/li>\n<li><strong>Professionell Barware<\/strong>: F\u00f6r barer och restauranger ger dessa glas ett exklusivt och unikt inslag till cocktailservicen och erbjuder g\u00e4sterna en minnesv\u00e4rd dryckesupplevelse.<\/li>\n<li><strong>Fotografering och styling<\/strong>: Idealisk f\u00f6r mat- och drycksfotografer eller stylister som vill l\u00e4gga till ett sp\u00e4nnande element till sina visuella kompositioner.<\/li>\n<\/ul>\n<h2><strong>FAQ f\u00f6r Elegant Bird Cocktailglas\u00f6gon<\/strong><\/h2>\n<div class=\"flex-1 overflow-hidden\">\n<div class=\"react-scroll-to-bottom--css-hzdtm-79elbk h-full\">\n<div class=\"react-scroll-to-bottom--css-hzdtm-1n7m0yu\">\n<div class=\"flex flex-col pb-9 text-sm\">\n<div class=\"w-full text-token-text-primary\" data-testid=\"conversation-turn-80\">\n<div class=\"px-4 py-2 justify-center text-base md:gap-6 m-auto\">\n<div class=\"flex flex-1 text-base mx-auto gap-3 md:px-5 lg:px-1 xl:px-5 md:max-w-3xl lg:max-w-[40rem] xl:max-w-[48rem] group final-completion\">\n<div class=\"relative flex w-full flex-col lg:w-[calc(100%-115px)] agent-turn\">\n<div class=\"flex-col gap-1 md:gap-3\">\n<div class=\"flex flex-grow flex-col max-w-full\">\n<div class=\"min-h-[20px] text-message flex flex-col items-start gap-3 whitespace-pre-wrap break-words [.text-message+&amp;]:mt-5 overflow-x-auto\" data-message-author-role=\"assistant\" data-message-id=\"58d087f3-80e4-4bc4-b22a-beaac440b2e9\">\n<div class=\"markdown prose w-full break-words dark:prose-invert light\">\n<p><strong>F: Vilka \u00e4r m\u00e5tten p\u00e5 Elegant Bird Cocktailglas\u00f6gon?<\/strong> S: Elegant Bird Cocktailglas\u00f6gon m\u00e4ter vanligtvis cirka 7 till 8 tum p\u00e5 h\u00f6jden, med en sk\u00e5lbredd som kan rymma standardcocktailvolymen.<\/p>\n<p><strong>F: Kan dessa glas anv\u00e4ndas f\u00f6r varma drycker?<\/strong> S: Nej, dessa glas \u00e4r designade f\u00f6r kalla cocktails och drycker p\u00e5 grund av glasets k\u00e4nsliga natur och den intrikata designen.<\/p>\n<p><strong>F: \u00c4r de eleganta Bird Cocktailglas\u00f6gonen handgjorda?<\/strong> S: Ja, dessa glas\u00f6gon \u00e4r handgjorda med uppm\u00e4rksamhet p\u00e5 detaljer, vilket g\u00f6r varje del unikt speciell.<\/p>\n<p><strong>F: Hur ska jag ta hand om mina Elegant Bird Cocktailglas\u00f6gon?<\/strong> S: F\u00f6r att bevara glasets intrikata design och klarhet rekommenderas handtv\u00e4tt med mild tv\u00e5l och vatten, f\u00f6ljt av lufttorkning eller en mjuk trasa.<\/p>\n<p><strong>F: Vilka typer av drycker \u00e4r b\u00e4st l\u00e4mpade f\u00f6r dessa glas?<\/strong> S: \u00c4ven om de \u00e4r perfekta f\u00f6r ett brett utbud av cocktails, \u00e4r de s\u00e4rskilt l\u00e4mpade f\u00f6r visuellt tilltalande eller lagerdrycker som kompletterar glasets estetik.<\/p>\n<p><strong>F: \u00c4r glasen blyfria?<\/strong> S: Ja, Elegant Bird Cocktailglas\u00f6gon \u00e4r gjorda av blyfritt glas, vilket s\u00e4kerst\u00e4ller att de \u00e4r lika s\u00e4kra som de \u00e4r vackra.<\/p>\n<p><strong>F: Kommer glasen att mattas eller missf\u00e4rgas med tiden?<\/strong> S: Med r\u00e4tt sk\u00f6tsel kommer dessa glas\u00f6gon att beh\u00e5lla sin klarhet och glans, utan att bli smutsiga eller missf\u00e4rgade.<\/p>\n<p><strong>F: \u00c4r glasets skaft h\u00e5llbart?<\/strong> S: Ja, skaftet \u00e4r designat f\u00f6r h\u00e5llbarhet, men som med alla fina glasf\u00f6rem\u00e5l b\u00f6r det hanteras med f\u00f6rsiktighet.<\/p>\n<p><strong>F: Kommer glas\u00f6gonen i ett set eller individuellt?<\/strong> S: De eleganta Bird Cocktailglas\u00f6gonen finns tillg\u00e4ngliga b\u00e5de som individuella delar och i set, beroende p\u00e5 dina behov.<\/p>\n<p><strong>F: \u00c4r dessa glas l\u00e4mpliga f\u00f6r kommersiellt bruk p\u00e5 restauranger och barer?<\/strong> S: Absolut, deras unika design kan f\u00f6rb\u00e4ttra presentationen av cocktails i en kommersiell milj\u00f6, \u00e4ven om deras k\u00e4nsliga natur kan kr\u00e4va noggrann hantering.<\/p>\n<\/div>\n<\/div>\n<\/div>\n<\/div>\n<\/div>\n<\/div>\n<\/div>\n<\/div>\n<\/div>\n<\/div>\n<\/div>\n<\/div>\n<\/div>\n<\/div>\n<\/div>\n<div class=\"mt-1 flex justify-start gap-3 empty:hidden\"><\/div>\n<\/div>\n<\/div>\n<\/div>\n<\/div>\n<\/div>\n<\/div>\n<\/div>\n<\/div>\n<\/div>\n<\/div>\n<div class=\"mt-1 flex justify-start gap-3 empty:hidden\"><\/div>\n<\/div>\n<\/div>\n<\/div>\n<\/div>\n<\/div>\n<\/div>\n<\/div>\n<\/div>\n<\/div>","protected":false},"excerpt":{"rendered":"<p>Bird Cocktailglas\u00f6gon \u00e4r perfekta f\u00f6r alla mixologers samling. Varje glas \u00e4r m\u00e4sterligt utformat med en elegant stj\u00e4lk och en nyckfull, f\u00e5gelformad sk\u00e5l som ger din cocktailpresentation en k\u00e4nsla av k\u00e4nsla. Oavsett om du \u00e4r v\u00e4rd f\u00f6r en sofistikerad soar\u00e9 eller njuter av en lugn kv\u00e4ll, kommer dessa glas s\u00e4kert att v\u00e4cka samtal och beundran med varje upph\u00e4llning.<\/p>","protected":false},"featured_media":4145,"comment_status":"closed","ping_status":"closed","template":"","meta":[],"class_list":["post-4139","product","type-product","status-publish","has-post-thumbnail","hentry","product_cat-cocktail-glasses","product_tag-cocktail-glasses"],"_links":{"self":[{"href":"https:\/\/lidaglassware.com\/sv\/wp-json\/wp\/v2\/product\/4139","targetHints":{"allow":["GET"]}}],"collection":[{"href":"https:\/\/lidaglassware.com\/sv\/wp-json\/wp\/v2\/product"}],"about":[{"href":"https:\/\/lidaglassware.com\/sv\/wp-json\/wp\/v2\/types\/product"}],"replies":[{"embeddable":true,"href":"https:\/\/lidaglassware.com\/sv\/wp-json\/wp\/v2\/comments?post=4139"}],"wp:featuredmedia":[{"embeddable":true,"href":"https:\/\/lidaglassware.com\/sv\/wp-json\/wp\/v2\/media\/4145"}],"wp:attachment":[{"href":"https:\/\/lidaglassware.com\/sv\/wp-json\/wp\/v2\/media?parent=4139"}],"curies":[{"name":"wp","href":"https:\/\/api.w.org\/{rel}","templated":true}]}}