{"id":4147,"date":"2024-01-22T19:11:24","date_gmt":"2024-01-23T03:11:24","guid":{"rendered":"https:\/\/lidaglassware.com\/?post_type=product&#038;p=4147"},"modified":"2024-01-22T19:11:26","modified_gmt":"2024-01-23T03:11:26","slug":"classic-charm-retro-cocktail-glasses","status":"publish","type":"product","link":"https:\/\/lidaglassware.com\/sv\/produkt\/classic-charm-retro-cocktail-glasses\/","title":{"rendered":"Klassisk charm Retro Cocktailglas\u00f6gon | Vintage-inspirerad Barware Collection"},"content":{"rendered":"<h2><strong>Produktfunktioner<\/strong><\/h2>\n<ul>\n<li><strong>Intrikata graverade detaljer<\/strong>: Retro Cocktailglas\u00f6gonen har en delikat graverad design runt kanten, vilket ger ett inslag av vintagef\u00f6rfining till din drinkpresentation.<\/li>\n<li><strong>Klassisk utsv\u00e4ngd form<\/strong>: Glaset har en utsv\u00e4ngd form som inte bara bidrar till dess estetiska tilltal utan ocks\u00e5 f\u00f6rst\u00e4rker aromen och smaken av cocktailen.<\/li>\n<li><strong>Elegant stam<\/strong>: En noggrant balanserad stj\u00e4lk ger b\u00e5de sk\u00f6nhet och funktionalitet, s\u00e5 att du kan h\u00e5lla din drink utan att p\u00e5verka dess temperatur.<\/li>\n<li><strong>Stabil bas<\/strong>: Designad med stabilitet i \u00e5tanke, den solida basen f\u00f6rhindrar tippning och \u00e4r perfekt f\u00f6r att vila p\u00e5 b\u00e5de moderna och traditionella barytor.<\/li>\n<li><strong>Kristallklart glas<\/strong>: Tillverkat av h\u00f6gkvalitativt, genomskinligt glas, ser detta cocktailglas till att det visuella tilltalande av dina cocktails alltid \u00e4r i centrum.<\/li>\n<li><strong>M\u00e5ngsidig anv\u00e4ndning<\/strong>: \u00c4ven om det \u00e4r perfekt f\u00f6r retro och klassiska cocktails, g\u00f6r glasets tidl\u00f6sa design det l\u00e4mpligt f\u00f6r en m\u00e4ngd olika drycker.<\/li>\n<li><strong>L\u00e4tt att st\u00e4da<\/strong>: Glaset \u00e4r designat f\u00f6r enkelt underh\u00e5ll, vilket m\u00f6jligg\u00f6r problemfri reng\u00f6ring utan att kompromissa med de intrikata detaljerna.<\/li>\n<li><strong>Idealisk kapacitet<\/strong>: Med en gener\u00f6s volym \u00e4r detta Retro Cocktailglas dimensionerat f\u00f6r att rymma ett brett utbud av cocktails, perfekt f\u00f6r b\u00e5de hem- och professionell anv\u00e4ndning.<\/li>\n<\/ul>\n<p>&nbsp;<\/p>\n<h2><strong>Anv\u00e4ndningen av Retro Cocktailglas\u00f6gon<\/strong><\/h2>\n<div class=\"w-full text-token-text-primary\" data-testid=\"conversation-turn-92\">\n<div class=\"px-4 py-2 justify-center text-base md:gap-6 m-auto\">\n<div class=\"flex flex-1 text-base mx-auto gap-3 md:px-5 lg:px-1 xl:px-5 md:max-w-3xl lg:max-w-[40rem] xl:max-w-[48rem] group\">\n<div class=\"relative flex w-full flex-col lg:w-[calc(100%-115px)] agent-turn\">\n<div class=\"flex-col gap-1 md:gap-3\">\n<div class=\"flex flex-grow flex-col max-w-full\">\n<div class=\"min-h-[20px] text-message flex flex-col items-start gap-3 whitespace-pre-wrap break-words [.text-message+&amp;]:mt-5 overflow-x-auto\" data-message-author-role=\"assistant\" data-message-id=\"f29ae0ba-d3a9-4208-ac12-514fe0a6b9de\">\n<div class=\"markdown prose w-full break-words dark:prose-invert light\">\n<div class=\"flex-1 overflow-hidden\">\n<div class=\"react-scroll-to-bottom--css-koznw-79elbk h-full\">\n<div class=\"react-scroll-to-bottom--css-koznw-1n7m0yu\">\n<div class=\"flex flex-col pb-9 text-sm\">\n<div class=\"w-full text-token-text-primary\" data-testid=\"conversation-turn-94\">\n<div class=\"px-4 py-2 justify-center text-base md:gap-6 m-auto\">\n<div class=\"flex flex-1 text-base mx-auto gap-3 md:px-5 lg:px-1 xl:px-5 md:max-w-3xl lg:max-w-[40rem] xl:max-w-[48rem] group final-completion\">\n<div class=\"relative flex w-full flex-col lg:w-[calc(100%-115px)] agent-turn\">\n<div class=\"flex-col gap-1 md:gap-3\">\n<div class=\"flex flex-grow flex-col max-w-full\">\n<div class=\"min-h-[20px] text-message flex flex-col items-start gap-3 whitespace-pre-wrap break-words [.text-message+&amp;]:mt-5 overflow-x-auto\" data-message-author-role=\"assistant\" data-message-id=\"17d65db4-313f-4153-a057-815b0ade2107\">\n<div class=\"markdown prose w-full break-words dark:prose-invert light\">\n<ul>\n<li><strong>Cocktail hantverk<\/strong>: Dessa Retro Cocktailglas \u00e4r perfekta f\u00f6r att skapa och servera en m\u00e4ngd olika cocktails, fr\u00e5n tidl\u00f6sa klassiker till moderna hopkok.<\/li>\n<li><strong>Temaevenemang<\/strong>: Deras vintagedesign g\u00f6r dem till ett idealiskt val f\u00f6r temaevenemang, speciellt de som siktar p\u00e5 en retro eller speakeasy-k\u00e4nsla.<\/li>\n<li><strong>Display och inredning<\/strong>: F\u00f6rutom att servera drinkar kan de anv\u00e4ndas som en del av din heminredning, vilket ger en touch av retroelegans till alla utrymmen.<\/li>\n<li><strong>Provsmakning och avnjutning<\/strong>: Formen p\u00e5 glasen \u00e4r designad f\u00f6r att f\u00f6rst\u00e4rka arom- och smakprofilen hos sprit och blandade drycker, vilket ger en \u00f6verl\u00e4gsen smakupplevelse.<\/li>\n<li><strong>Att ge g\u00e5vor<\/strong>: En upps\u00e4ttning retro cocktailglas \u00e4r en omt\u00e4nksam och elegant present till v\u00e4nner, familj eller n\u00e5gon som uppskattar mixologins konst.<\/li>\n<li><strong>Bar samlingar<\/strong>: F\u00f6r bar\u00e4gare och hembarentusiaster \u00e4r dessa glas ett m\u00e5ste till alla glaskollektioner och erbjuder b\u00e5de stil och funktion.<\/li>\n<li><strong>Fotografi<\/strong>: De \u00e4r fotogena f\u00f6rem\u00e5l som kan f\u00f6rst\u00e4rka estetiken hos dryckesfotografering, perfekt f\u00f6r proffs eller entusiaster av sociala medier.<\/li>\n<li><strong>Speciella tillf\u00e4llen<\/strong>: Anv\u00e4nd dessa glas\u00f6gon f\u00f6r att s\u00e4tta en sofistikerad touch till fester som \u00e5rsdagar, milstolpar f\u00f6delsedagar eller alla tillf\u00e4llen som kr\u00e4ver en sk\u00e5l.<\/li>\n<\/ul>\n<\/div>\n<\/div>\n<\/div>\n<div class=\"mt-1 flex justify-start gap-3 empty:hidden\"><\/div>\n<\/div>\n<\/div>\n<\/div>\n<\/div>\n<\/div>\n<\/div>\n<\/div>\n<\/div>\n<\/div>\n<p>&nbsp;<\/p>\n<\/div>\n<\/div>\n<\/div>\n<\/div>\n<\/div>\n<\/div>\n<\/div>\n<\/div>\n<h2><strong>FAQ F\u00f6r Retro Cocktailglas\u00f6gon<\/strong><\/h2>\n<div class=\"w-full text-token-text-primary\" data-testid=\"conversation-turn-92\">\n<div class=\"px-4 py-2 justify-center text-base md:gap-6 m-auto\">\n<div class=\"flex flex-1 text-base mx-auto gap-3 md:px-5 lg:px-1 xl:px-5 md:max-w-3xl lg:max-w-[40rem] xl:max-w-[48rem] group\">\n<div class=\"relative flex w-full flex-col lg:w-[calc(100%-115px)] agent-turn\">\n<div class=\"flex-col gap-1 md:gap-3\">\n<div class=\"flex flex-grow flex-col max-w-full\">\n<div class=\"min-h-[20px] text-message flex flex-col items-start gap-3 whitespace-pre-wrap break-words [.text-message+&amp;]:mt-5 overflow-x-auto\" data-message-author-role=\"assistant\" data-message-id=\"f29ae0ba-d3a9-4208-ac12-514fe0a6b9de\">\n<div class=\"markdown prose w-full break-words dark:prose-invert light\">\n<p><strong>F: Vad definierar stilen p\u00e5 dessa Retro Cocktailglas\u00f6gon?<\/strong> S: Dessa glas\u00f6gon k\u00e4nnetecknas av sin vintagedesign, med klassiska former och intrikata m\u00f6nster som p\u00e5minner om tidigare epoker, perfekta f\u00f6r dem som uppskattar nostalgin och sofistikeringen av retroestetik.<\/p>\n<p><strong>F: Kan dessa Retro Cocktailglas anv\u00e4ndas till vilken typ av dryck som helst?<\/strong> S: Ja, \u00e4ven om de \u00e4r idealiska f\u00f6r cocktails, g\u00f6r deras m\u00e5ngsidiga design dem l\u00e4mpliga f\u00f6r att servera en m\u00e4ngd olika drycker, inklusive sprit, aperitifer och alkoholfria blandningar.<\/p>\n<p><strong>F: G\u00e5r Retro Cocktail Glasses i diskmaskin?<\/strong> S: F\u00f6r att bevara integriteten hos de invecklade designerna rekommenderar vi att dessa glas\u00f6gon tv\u00e4ttas f\u00f6r hand.<\/p>\n<p><strong>F: Vilken kapacitet har dessa glas\u00f6gon?<\/strong> S: Kapaciteten kan variera beroende p\u00e5 design, men vanligtvis rymmer v\u00e5ra Retro Cocktailglas mellan 4 och 6 uns, och passar standardcocktailrecept.<\/p>\n<p><strong>F: \u00c4r glas\u00f6gonen h\u00e5llbara f\u00f6r regelbunden anv\u00e4ndning?<\/strong> S: Absolut, v\u00e5ra Retro Cocktailglas\u00f6gon \u00e4r gjorda av h\u00f6gkvalitativa material designade f\u00f6r att t\u00e5la regelbunden anv\u00e4ndning samtidigt som de beh\u00e5ller sitt eleganta utseende.<\/p>\n<p><strong>F: Kommer glas\u00f6gonen med garanti?<\/strong> S: Vi erbjuder en standardgaranti som t\u00e4cker eventuella tillverkarfel. Se v\u00e5r garantipolicy f\u00f6r mer information.<\/p>\n<p><strong>F: Hur ska jag ta hand om mina retrococktailglas\u00f6gon f\u00f6r att de ska se b\u00e4st ut?<\/strong> S: Varsam handtv\u00e4tt med en icke-slipande svamp och milt reng\u00f6ringsmedel rekommenderas. Torka dem med en mjuk trasa f\u00f6r att f\u00f6rhindra vattenfl\u00e4ckar och f\u00f6r att beh\u00e5lla deras glans.<\/p>\n<p><strong>F: \u00c4r glasmaterialet blyfritt?<\/strong> S: Ja, v\u00e5ra retro cocktailglas \u00e4r gjorda av blyfritt glas, vilket s\u00e4kerst\u00e4ller att de \u00e4r s\u00e4kra f\u00f6r dagligt bruk.<\/p>\n<p><strong>F: Kommer de graverade motiven p\u00e5 glas\u00f6gonen att blekna med tiden?<\/strong> S: Graveringarna etsas in i glaset och kommer att bibeh\u00e5lla sina detaljer med ordentlig omsorg.<\/p>\n<p><strong>F: Finns dessa glas\u00f6gon tillg\u00e4ngliga f\u00f6r bulkk\u00f6p eller grossistf\u00f6rs\u00e4ljning?<\/strong> S: Ja, vi erbjuder massk\u00f6p f\u00f6r evenemang, restauranger eller \u00e5terf\u00f6rs\u00e4ljare. Kontakta oss f\u00f6r grossistpriser och information.<\/p>\n<\/div>\n<\/div>\n<\/div>\n<\/div>\n<\/div>\n<\/div>\n<\/div>\n<\/div>","protected":false},"excerpt":{"rendered":"<p>Retro Cocktail Glass, ett vackert utformat f\u00f6rem\u00e5l som ger en touch av sofistikering till alla hemmabarer.<\/p>\n<p>Detta glas har en unik graverad design som cirklar runt kanten, vilket ger en vintagek\u00e4nsla med en touch av modernt konstn\u00e4rskap. Glaset st\u00e5r elegant p\u00e5 en elegant skaft med en stabil bas, vilket s\u00e4kerst\u00e4ller att det inte bara \u00e4r ett n\u00f6je att se utan ocks\u00e5 att anv\u00e4nda.<\/p>\n<p>Dess genomskinliga material visar upp cocktailen inuti, vilket g\u00f6r den till ett perfekt val f\u00f6r dem som uppskattar det visuella tilltalande av sina drycker. Perfekt f\u00f6r att smutta p\u00e5 dina favoritdrinkar, detta cocktailglas f\u00f6renar tidl\u00f6s design med modern elegans.<\/p>","protected":false},"featured_media":4150,"comment_status":"closed","ping_status":"closed","template":"","meta":[],"class_list":["post-4147","product","type-product","status-publish","has-post-thumbnail","hentry","product_cat-cocktail-glasses","product_tag-cocktail-glasses"],"_links":{"self":[{"href":"https:\/\/lidaglassware.com\/sv\/wp-json\/wp\/v2\/product\/4147","targetHints":{"allow":["GET"]}}],"collection":[{"href":"https:\/\/lidaglassware.com\/sv\/wp-json\/wp\/v2\/product"}],"about":[{"href":"https:\/\/lidaglassware.com\/sv\/wp-json\/wp\/v2\/types\/product"}],"replies":[{"embeddable":true,"href":"https:\/\/lidaglassware.com\/sv\/wp-json\/wp\/v2\/comments?post=4147"}],"wp:featuredmedia":[{"embeddable":true,"href":"https:\/\/lidaglassware.com\/sv\/wp-json\/wp\/v2\/media\/4150"}],"wp:attachment":[{"href":"https:\/\/lidaglassware.com\/sv\/wp-json\/wp\/v2\/media?parent=4147"}],"curies":[{"name":"wp","href":"https:\/\/api.w.org\/{rel}","templated":true}]}}