{"id":4451,"date":"2024-01-28T23:09:10","date_gmt":"2024-01-29T07:09:10","guid":{"rendered":"https:\/\/lidaglassware.com\/?post_type=product&#038;p=4451"},"modified":"2024-01-28T23:09:11","modified_gmt":"2024-01-29T07:09:11","slug":"elegance-christmas-cocktail-glasses","status":"publish","type":"product","link":"https:\/\/lidaglassware.com\/sv\/produkt\/elegance-christmas-cocktail-glasses\/","title":{"rendered":"Spiral Elegance Christmas Cocktailglas\u00f6gon"},"content":{"rendered":"<h2><strong>Produktegenskaper f\u00f6r Spiraling Elegance Christmas Cocktail Glas\u00f6gon:<\/strong><\/h2>\n<ol>\n<li><strong>Unik spiralstamdesign<\/strong>: En gr\u00f6ntonad, spiralformad skaft ger ett visuellt fantastiskt och ergonomiskt grepp.<\/li>\n<li><strong>Festlig appell<\/strong>: Den gr\u00f6na accenten p\u00e5 stj\u00e4lken ger en festlig touch, perfekt f\u00f6r semesterunderh\u00e5llning.<\/li>\n<li><strong>M\u00e5ngsidig kapacitet<\/strong>: Med en volym p\u00e5 170 ml \u00e4r den idealisk f\u00f6r en m\u00e4ngd olika julcocktails och drycker.<\/li>\n<li><strong>H\u00e5llbar glaskonstruktion<\/strong>: Tillverkad f\u00f6r l\u00e5ngvarig anv\u00e4ndning, st\u00e5r den upp mot klirr och sk\u00e5lar fr\u00e5n otaliga fester.<\/li>\n<li><strong>Elegant sk\u00e5lform<\/strong>: Den klassiska martiniglassk\u00e5len \u00e4r designad f\u00f6r att perfekt presentera och f\u00f6rh\u00f6ja smakerna i din cocktail.<\/li>\n<li><strong>Idealisk present<\/strong>: En perfekt semesterpresent f\u00f6r cocktail\u00e4lskare eller ett nytt till\u00e4gg till en samlarglas.<\/li>\n<li><strong>L\u00e4tt att st\u00e4da<\/strong>: \u00c4ven om handtv\u00e4tt rekommenderas f\u00f6r att bibeh\u00e5lla skaftets integritet, \u00e4r den designad f\u00f6r enkel reng\u00f6ring.<\/li>\n<li><strong>Multipurpose anv\u00e4ndning<\/strong>: F\u00f6rutom cocktails \u00e4r den ocks\u00e5 l\u00e4mplig f\u00f6r att servera desserter eller som en dekorativ bit f\u00f6r semestermilj\u00f6er.<\/li>\n<\/ol>\n<p>&nbsp;<\/p>\n<div class=\"flex-1 overflow-hidden\">\n<div class=\"react-scroll-to-bottom--css-mibgk-79elbk h-full\">\n<div class=\"react-scroll-to-bottom--css-mibgk-1n7m0yu\">\n<div class=\"flex flex-col pb-9 text-sm\">\n<div class=\"w-full text-token-text-primary\" data-testid=\"conversation-turn-47\">\n<div class=\"px-4 py-2 justify-center text-base md:gap-6 m-auto\">\n<div class=\"flex flex-1 text-base mx-auto gap-3 md:px-5 lg:px-1 xl:px-5 md:max-w-3xl lg:max-w-[40rem] xl:max-w-[48rem] group final-completion\">\n<div class=\"relative flex w-full flex-col lg:w-[calc(100%-115px)] agent-turn\">\n<div class=\"flex-col gap-1 md:gap-3\">\n<div class=\"flex flex-grow flex-col max-w-full\">\n<div class=\"min-h-[20px] text-message flex flex-col items-start gap-3 whitespace-pre-wrap break-words [.text-message+&amp;]:mt-5 overflow-x-auto\" data-message-author-role=\"assistant\" data-message-id=\"556c83ef-9967-4a91-9282-9930f03e0281\">\n<div class=\"markdown prose w-full break-words dark:prose-invert light\">\n<h2><strong>Spiraling Elegance Christmas Cocktailglas\u00f6gon kan anv\u00e4ndas f\u00f6r en m\u00e4ngd olika festliga tillf\u00e4llen och \u00e4ndam\u00e5l:<\/strong><\/h2>\n<ol>\n<li><strong>Serverar specialcocktails<\/strong>: Skapa och servera dina unika semestercocktails, som julmartinis eller kryddade tranb\u00e4rsblandningar, vilket ger en touch av elegans till din drinkpresentation.<\/li>\n<li><strong>Holiday Inredning<\/strong>: Anv\u00e4nd glaset som en del av din juldukning eller barutst\u00e4llning, f\u00f6rst\u00e4rk den festliga inredningen med sin unika design och gr\u00f6na accenter.<\/li>\n<li><strong>Dessertpresentationer<\/strong>: F\u00f6rutom drycker \u00e4r detta glas l\u00e4mpligt f\u00f6r att presentera lager eller dekonstruerade desserter, s\u00e5som mousse eller sorbet, f\u00f6r en sofistikerad avslutning p\u00e5 en semesterm\u00e5ltid.<\/li>\n<li><strong>Att ge g\u00e5vor<\/strong>: Som en snygg och unik present \u00e4r glaset perfekt f\u00f6r cocktail\u00e4lskare eller alla som uppskattar festliga barware.<\/li>\n<li><strong>Sk\u00e5lar vid speciella evenemang<\/strong>: F\u00f6rh\u00f6j dina jul- och ny\u00e5rssk\u00e5lar med detta eleganta glas, vilket g\u00f6r \u00f6gonblicket \u00e4nnu mer minnesv\u00e4rt.<\/li>\n<li><strong>Samlarobjekt<\/strong>: F\u00f6r dem som samlar unika eller s\u00e4songsbetonade barware, \u00e4r detta glas ett bra komplement till alla samlingar.<\/li>\n<\/ol>\n<\/div>\n<\/div>\n<\/div>\n<\/div>\n<\/div>\n<\/div>\n<\/div>\n<\/div>\n<\/div>\n<\/div>\n<\/div>\n<\/div>\n<p>&nbsp;<\/p>\n<h2><strong>Vanliga fr\u00e5gor om Spiraling Elegance Christmas Cocktailglas\u00f6gon<\/strong><\/h2>\n<div class=\"flex-1 overflow-hidden\">\n<div class=\"react-scroll-to-bottom--css-mibgk-79elbk h-full\">\n<div class=\"react-scroll-to-bottom--css-mibgk-1n7m0yu\">\n<div class=\"flex flex-col pb-9 text-sm\">\n<div class=\"w-full text-token-text-primary\" data-testid=\"conversation-turn-47\">\n<div class=\"px-4 py-2 justify-center text-base md:gap-6 m-auto\">\n<div class=\"flex flex-1 text-base mx-auto gap-3 md:px-5 lg:px-1 xl:px-5 md:max-w-3xl lg:max-w-[40rem] xl:max-w-[48rem] group final-completion\">\n<div class=\"relative flex w-full flex-col lg:w-[calc(100%-115px)] agent-turn\">\n<div class=\"flex-col gap-1 md:gap-3\">\n<div class=\"flex flex-grow flex-col max-w-full\">\n<div class=\"min-h-[20px] text-message flex flex-col items-start gap-3 whitespace-pre-wrap break-words [.text-message+&amp;]:mt-5 overflow-x-auto\" data-message-author-role=\"assistant\" data-message-id=\"556c83ef-9967-4a91-9282-9930f03e0281\">\n<ol>\n<li><strong>Vad g\u00f6r Spiraling Elegance Christmas Cocktailglas\u00f6gonen unika?<\/strong>\n<ul>\n<li>Detta glas sticker ut med sin distinkta spiralstam och festliga design, perfekt f\u00f6r semesterfirande och ger en touch av elegans till alla cocktailupplevelser.<\/li>\n<\/ul>\n<\/li>\n<li><strong>Vilka typer av drycker serveras b\u00e4st i detta glas?<\/strong>\n<ul>\n<li>Glaset \u00e4r perfekt f\u00f6r en m\u00e4ngd olika julcocktails, s\u00e4rskilt de som serveras &quot;up&quot; som martinis eller cosmopolitans, d\u00e4r aromen och smaken f\u00f6rst\u00e4rks av glasdesignen.<\/li>\n<\/ul>\n<\/li>\n<li><strong>Hur ska jag ta hand om mitt cocktailglas f\u00f6r att h\u00e5lla det i b\u00e4sta skick?<\/strong>\n<ul>\n<li>Handtv\u00e4tt rekommenderas f\u00f6r att beh\u00e5lla glasets integritet och dess unika designegenskaper. Undvik att anv\u00e4nda slipande svampar och starka kemikalier.<\/li>\n<\/ul>\n<\/li>\n<li><strong>Kan detta glas anpassas?<\/strong>\n<ul>\n<li>F\u00f6r anpassade m\u00f6nster, inklusive gravyrer eller speciella <a href=\"https:\/\/lidaglassware.com\/sv\/glassware-decoration\/\" target=\"_blank\" rel=\"noopener sponsored\">dekorationer<\/a>, kan du fr\u00e5ga Lida Glassware f\u00f6r tillg\u00e4ngliga anpassningsalternativ.<\/li>\n<\/ul>\n<\/li>\n<li><strong>\u00c4r glaset l\u00e4mpligt f\u00f6r andra anv\u00e4ndningsomr\u00e5den \u00e4n att servera cocktails?<\/strong>\n<ul>\n<li>Absolut, det kan vara ett elegant alternativ f\u00f6r att servera desserter eller till och med som en elegant dekorativ pj\u00e4s f\u00f6r din semesterdukning.<\/li>\n<\/ul>\n<\/li>\n<li><strong>Varf\u00f6r anv\u00e4nds olika typer av glas f\u00f6r cocktails?<\/strong>\n<ul>\n<li>Olika glastyper f\u00f6rst\u00e4rker olika aspekter av en cocktail, som f\u00e4rg, smak, temperatur och arom. R\u00e4tt glas kan h\u00f6ja den totala cocktailupplevelsen.<\/li>\n<\/ul>\n<\/li>\n<li><strong>Vilken kapacitet har detta glas?<\/strong>\n<ul>\n<li>Spiraling Elegance Christmas Cocktail Glass har vanligtvis en standardcocktailvolym, vilket g\u00f6r det idealiskt f\u00f6r en m\u00e4ngd olika drycker.<\/li>\n<\/ul>\n<\/li>\n<li><strong>Hur f\u00f6rst\u00e4rker detta glas cocktailupplevelsen?<\/strong>\n<ul>\n<li>Den unika designen bidrar inte bara till den visuella attraktionen utan bidrar ocks\u00e5 till cocktailens arom- och smakprofil, vilket berikar dricksupplevelsen.<\/li>\n<\/ul>\n<\/li>\n<li><strong>Kan glaset anv\u00e4ndas f\u00f6r b\u00e5de formella och vardagliga tillf\u00e4llen?<\/strong>\n<ul>\n<li>Ja, dess m\u00e5ngsidiga design g\u00f6r den l\u00e4mplig f\u00f6r b\u00e5de eleganta fester och avslappnade festliga sammankomster.<\/li>\n<\/ul>\n<\/li>\n<li><strong>Var kan jag k\u00f6pa Spiraling Elegance Christmas Cocktailglas\u00f6gonen?<\/strong>\n<ul>\n<li>Du kan bes\u00f6ka Lida Glasswares hemsida eller <a href=\"https:\/\/lidaglassware.com\/sv\/contact\/\" target=\"_blank\" rel=\"noopener sponsored\">kontakta oss<\/a> f\u00f6r ink\u00f6psdetaljer och f\u00f6r att utforska allt omfattande utbud av eleganta glasvaror.<\/li>\n<\/ul>\n<\/li>\n<\/ol>\n<\/div>\n<\/div>\n<div class=\"mt-1 flex justify-start gap-3 empty:hidden\"><\/div>\n<\/div>\n<\/div>\n<\/div>\n<\/div>\n<\/div>\n<\/div>\n<\/div>\n<\/div>\n<\/div>","protected":false},"excerpt":{"rendered":"<p>The Spiraling Elegance Christmas Cocktailglas\u00f6gon \u00e4r f\u00f6rkroppsligandet av festlig sofistikering. Dess vridna stj\u00e4lkdesign fungerar inte bara som ett estetiskt mittpunkt utan erbjuder ocks\u00e5 ett bekv\u00e4mt grepp, vilket s\u00e4kerst\u00e4ller att dina semestertoaster \u00e4r lika glada som de \u00e4r snygga. Glasets klarhet kompletterar de livfulla f\u00e4rgerna p\u00e5 dina s\u00e4songsbetonade cocktails, medan spiralens gr\u00f6na accent speglar den traditionella julpaletten. Detta glas \u00e4r designat f\u00f6r att ge en touch av elegans till dina semestersammankomster, vilket g\u00f6r varje klunk av dina tillverkade cocktails till en festlig upplevelse.<\/p>","protected":false},"featured_media":4454,"comment_status":"closed","ping_status":"closed","template":"","meta":[],"class_list":["post-4451","product","type-product","status-publish","has-post-thumbnail","hentry","product_cat-cocktail-glasses","product_tag-cocktail-glasses"],"_links":{"self":[{"href":"https:\/\/lidaglassware.com\/sv\/wp-json\/wp\/v2\/product\/4451","targetHints":{"allow":["GET"]}}],"collection":[{"href":"https:\/\/lidaglassware.com\/sv\/wp-json\/wp\/v2\/product"}],"about":[{"href":"https:\/\/lidaglassware.com\/sv\/wp-json\/wp\/v2\/types\/product"}],"replies":[{"embeddable":true,"href":"https:\/\/lidaglassware.com\/sv\/wp-json\/wp\/v2\/comments?post=4451"}],"wp:featuredmedia":[{"embeddable":true,"href":"https:\/\/lidaglassware.com\/sv\/wp-json\/wp\/v2\/media\/4454"}],"wp:attachment":[{"href":"https:\/\/lidaglassware.com\/sv\/wp-json\/wp\/v2\/media?parent=4451"}],"curies":[{"name":"wp","href":"https:\/\/api.w.org\/{rel}","templated":true}]}}