{"id":630,"date":"2021-01-10T18:25:41","date_gmt":"2021-01-11T02:25:41","guid":{"rendered":"https:\/\/lidaglassware.com\/?post_type=product&#038;p=630"},"modified":"2021-01-10T18:25:42","modified_gmt":"2021-01-11T02:25:42","slug":"plisner-glass-415ml","status":"publish","type":"product","link":"https:\/\/lidaglassware.com\/sv\/produkt\/plisner-glass-415ml\/","title":{"rendered":"Plisner glas 415ml"},"content":{"rendered":"<p>\u2022 Pilsnerglas<br \/>\n\u2022 Kapacitet: 415ml<br \/>\n\u2022 Material: Soda Lime Glass<br \/>\n\u2022 Perfekt f\u00f6r servering av ale och lager<br \/>\n\u2022 Klassisk design<br \/>\n\u2022 Perfekt f\u00f6r kommersiellt bruk<br \/>\n\u2022 Kan diskas i diskmaskin<\/p>","protected":false},"excerpt":{"rendered":"<p>Denna design har en rund topp och bas, vilket \u00e4r det b\u00e4sta valet f\u00f6r \u00f6l och alger. Den tar en volym p\u00e5 415 ml, designad i ett h\u00f6gkvalitativt glas. Det kommer att vara det b\u00e4sta f\u00f6r att f\u00e5 \u00f6ldrickare att k\u00e4nna sig coola.<\/p>","protected":false},"featured_media":624,"comment_status":"open","ping_status":"closed","template":"","meta":[],"class_list":["post-630","product","type-product","status-publish","has-post-thumbnail","hentry","product_cat-beer-glasses","product_tag-beer-glass","product_tag-pilsner-glass"],"_links":{"self":[{"href":"https:\/\/lidaglassware.com\/sv\/wp-json\/wp\/v2\/product\/630","targetHints":{"allow":["GET"]}}],"collection":[{"href":"https:\/\/lidaglassware.com\/sv\/wp-json\/wp\/v2\/product"}],"about":[{"href":"https:\/\/lidaglassware.com\/sv\/wp-json\/wp\/v2\/types\/product"}],"replies":[{"embeddable":true,"href":"https:\/\/lidaglassware.com\/sv\/wp-json\/wp\/v2\/comments?post=630"}],"wp:featuredmedia":[{"embeddable":true,"href":"https:\/\/lidaglassware.com\/sv\/wp-json\/wp\/v2\/media\/624"}],"wp:attachment":[{"href":"https:\/\/lidaglassware.com\/sv\/wp-json\/wp\/v2\/media?parent=630"}],"curies":[{"name":"wp","href":"https:\/\/api.w.org\/{rel}","templated":true}]}}