{"id":71,"date":"2020-12-16T00:12:08","date_gmt":"2020-12-16T08:12:08","guid":{"rendered":"http:\/\/lidaglassware.com\/?post_type=product&#038;p=71"},"modified":"2021-07-19T00:03:08","modified_gmt":"2021-07-19T08:03:08","slug":"hiball-tumbler-glass-250ml","status":"publish","type":"product","link":"https:\/\/lidaglassware.com\/sv\/produkt\/hiball-tumbler-glass-250ml\/","title":{"rendered":"Hiball Tumbler Glass 250ml \/ 9oz"},"content":{"rendered":"<p>\u2022 Hiball tumlare<br \/>\n\u2022 Klassisk design<br \/>\n\u2022 Stort motst\u00e5nd<br \/>\n\u2022 T\u00e5l mot v\u00e4rmechock fr\u00e5n -20\u00b0C till +100\u00b0C<br \/>\n\u2022 Glas g\u00e5r s\u00f6nder till trubbiga fragment om det krossas<br \/>\n\u2022 Idealisk f\u00f6r servering av l\u00e4sk, vatten, juice eller varma drycker<br \/>\n\u2022 S\u00e4ker f\u00f6r barn att anv\u00e4nda<br \/>\n\u2022 Mikrov\u00e5gss\u00e4ker<br \/>\n\u2022 Kan diskas i diskmaskin<\/p>\n<p>\u2022 F\u00f6rpackning: 298 x 372 x 422mm, 72st<\/p>","protected":false},"excerpt":{"rendered":"<p>F\u00f6r ett klassiskt till\u00e4gg till dina glasvaror erbjuder denna tumbler en stark stil. Med en ren, fyrkantig design \u00e4r dessa glas det perfekta hemmet f\u00f6r alla drycker. Avsluta helt enkelt med en gener\u00f6s portion is, ett sugr\u00f6r och en citronklyfta.<\/p>","protected":false},"featured_media":73,"comment_status":"open","ping_status":"closed","template":"","meta":[],"class_list":["post-71","product","type-product","status-publish","has-post-thumbnail","hentry","product_cat-tumbler-glasses","product_tag-tumbler"],"_links":{"self":[{"href":"https:\/\/lidaglassware.com\/sv\/wp-json\/wp\/v2\/product\/71","targetHints":{"allow":["GET"]}}],"collection":[{"href":"https:\/\/lidaglassware.com\/sv\/wp-json\/wp\/v2\/product"}],"about":[{"href":"https:\/\/lidaglassware.com\/sv\/wp-json\/wp\/v2\/types\/product"}],"replies":[{"embeddable":true,"href":"https:\/\/lidaglassware.com\/sv\/wp-json\/wp\/v2\/comments?post=71"}],"wp:featuredmedia":[{"embeddable":true,"href":"https:\/\/lidaglassware.com\/sv\/wp-json\/wp\/v2\/media\/73"}],"wp:attachment":[{"href":"https:\/\/lidaglassware.com\/sv\/wp-json\/wp\/v2\/media?parent=71"}],"curies":[{"name":"wp","href":"https:\/\/api.w.org\/{rel}","templated":true}]}}