{"id":76,"date":"2020-12-16T00:48:04","date_gmt":"2020-12-16T08:48:04","guid":{"rendered":"http:\/\/lidaglassware.com\/?post_type=product&#038;p=76"},"modified":"2020-12-16T00:57:55","modified_gmt":"2020-12-16T08:57:55","slug":"beer-mug-370ml-13oz","status":"publish","type":"product","link":"https:\/\/lidaglassware.com\/sv\/produkt\/beer-mug-370ml-13oz\/","title":{"rendered":"\u00d6lmugg 370ml \/ 13oz"},"content":{"rendered":"<p>\u2022 \u00d6lmugg<br \/>\n\u2022 Material: Maskintillverkat glas<br \/>\n\u2022 Perfekt f\u00f6r servering av ale och \u00f6l<br \/>\n\u2022 Klassisk design<br \/>\n\u2022 Perfekt f\u00f6r kommersiellt bruk<br \/>\n\u2022 Kan diskas i diskmaskin<\/p>\n<p>\u2022 F\u00f6rpackning: 315 x 325 x 420mm, 24st<\/p>","protected":false},"excerpt":{"rendered":"<p>\u00d6lmugg ger den perfekta kontinentala \u00f6lserveringen. Solid, robust och robust detta k\u00e4rl skapar den perfekta \u00f6lpresentationen, och erbjuder ocks\u00e5 ett unikt alternativ till traditionella Tulip eller Nonic-glas.<\/p>","protected":false},"featured_media":77,"comment_status":"open","ping_status":"closed","template":"","meta":[],"class_list":["post-76","product","type-product","status-publish","has-post-thumbnail","hentry","product_cat-beer-glasses","product_tag-beer-mugs"],"_links":{"self":[{"href":"https:\/\/lidaglassware.com\/sv\/wp-json\/wp\/v2\/product\/76","targetHints":{"allow":["GET"]}}],"collection":[{"href":"https:\/\/lidaglassware.com\/sv\/wp-json\/wp\/v2\/product"}],"about":[{"href":"https:\/\/lidaglassware.com\/sv\/wp-json\/wp\/v2\/types\/product"}],"replies":[{"embeddable":true,"href":"https:\/\/lidaglassware.com\/sv\/wp-json\/wp\/v2\/comments?post=76"}],"wp:featuredmedia":[{"embeddable":true,"href":"https:\/\/lidaglassware.com\/sv\/wp-json\/wp\/v2\/media\/77"}],"wp:attachment":[{"href":"https:\/\/lidaglassware.com\/sv\/wp-json\/wp\/v2\/media?parent=76"}],"curies":[{"name":"wp","href":"https:\/\/api.w.org\/{rel}","templated":true}]}}