{"id":860,"date":"2021-07-12T23:21:00","date_gmt":"2021-07-13T07:21:00","guid":{"rendered":"https:\/\/lidaglassware.com\/?post_type=product&#038;p=860"},"modified":"2022-09-27T00:21:05","modified_gmt":"2022-09-27T08:21:05","slug":"beverage-highball-glass-12oz","status":"publish","type":"product","link":"https:\/\/lidaglassware.com\/sv\/produkt\/beverage-highball-glass-12oz\/","title":{"rendered":"Dryck\/Highball Glas 12oz"},"content":{"rendered":"<ul class=\"product-point\">\n<li>Kapacitet: 12 uns<\/li>\n<li>M\u00e5tt: 79x145mm<\/li>\n<li>Vikt: 340g<\/li>\n<li>Logotyp: T\u00e5l maskindisk<\/li>\n<\/ul>\n<p>\u2022 Smal cocktail highballs<br \/>\n\u2022 Material: Soda-lime glas<br \/>\n\u2022 Kan diskas i diskmaskin<br \/>\n\u2022 Tung bubbelbas<br \/>\n\u2022 Perfekt f\u00f6r en m\u00e4ngd olika drycker, inklusive cocktails, l\u00e4sk eller mixer<br \/>\n\u2022 Idealisk f\u00f6r kommersiellt eller hush\u00e5llsbruk<\/p>\n<p>Tillverkade av h\u00f6gkvalitativt glas och en slimmad design, dessa glas\u00f6gon erbjuder stil och h\u00e5llbarhet. Perfekt f\u00f6r daglig anv\u00e4ndning hemma eller i en bar.<\/p>","protected":false},"excerpt":{"rendered":"<p>Detta Highball Glass \u00e4r den b\u00e4sta l\u00f6sningen f\u00f6r barleverant\u00f6rer eller alla som vill ha h\u00f6gkvalitativa glasvaror f\u00f6r speciella evenemang, fester eller presenter.<\/p>","protected":false},"featured_media":861,"comment_status":"open","ping_status":"closed","template":"","meta":[],"class_list":["post-860","product","type-product","status-publish","has-post-thumbnail","hentry","product_cat-tumbler-glasses","product_tag-hiball-glasses","product_tag-promotional-glassware","product_tag-tumbler"],"_links":{"self":[{"href":"https:\/\/lidaglassware.com\/sv\/wp-json\/wp\/v2\/product\/860","targetHints":{"allow":["GET"]}}],"collection":[{"href":"https:\/\/lidaglassware.com\/sv\/wp-json\/wp\/v2\/product"}],"about":[{"href":"https:\/\/lidaglassware.com\/sv\/wp-json\/wp\/v2\/types\/product"}],"replies":[{"embeddable":true,"href":"https:\/\/lidaglassware.com\/sv\/wp-json\/wp\/v2\/comments?post=860"}],"wp:featuredmedia":[{"embeddable":true,"href":"https:\/\/lidaglassware.com\/sv\/wp-json\/wp\/v2\/media\/861"}],"wp:attachment":[{"href":"https:\/\/lidaglassware.com\/sv\/wp-json\/wp\/v2\/media?parent=860"}],"curies":[{"name":"wp","href":"https:\/\/api.w.org\/{rel}","templated":true}]}}