{"id":872,"date":"2021-07-13T01:19:43","date_gmt":"2021-07-13T09:19:43","guid":{"rendered":"https:\/\/lidaglassware.com\/?post_type=product&#038;p=872"},"modified":"2021-07-13T01:34:52","modified_gmt":"2021-07-13T09:34:52","slug":"stackable-rocks-glasses-3pcs-set","status":"publish","type":"product","link":"https:\/\/lidaglassware.com\/sv\/produkt\/stackable-rocks-glasses-3pcs-set\/","title":{"rendered":"Stapelbara Rocks Glas\u00f6gon 3st Set"},"content":{"rendered":"<div class=\"product-point-title\">Sammanfattning av h\u00f6jdpunkter och funktioner<\/div>\n<ul class=\"product-point\">\n<li>Stapelbar design g\u00f6r att du kan spara sk\u00e5putrymme<\/li>\n<li>L\u00e4tt att h\u00e5lla h\u00f6gkvalitativt glas<\/li>\n<li>Idealisk f\u00f6r enstaka sprit blandade drycker<\/li>\n<li>Perfekt f\u00f6r barer, restauranger, pubar och hotell<\/li>\n<\/ul>\n<div class=\"product-point-title\">Ytterligare info<\/div>\n<ul class=\"product-point\">\n<li>Dimensionera<\/li>\n<li><img fetchpriority=\"high\" decoding=\"async\" class=\"alignnone wp-image-877 size-full\" src=\"https:\/\/lidaglassware.com\/wp-content\/uploads\/2021\/07\/Stackable-Glasses-Set-5.jpg\" alt=\"\" width=\"850\" height=\"425\" srcset=\"https:\/\/lidaglassware.com\/wp-content\/uploads\/2021\/07\/Stackable-Glasses-Set-5.jpg 850w, https:\/\/lidaglassware.com\/wp-content\/uploads\/2021\/07\/Stackable-Glasses-Set-5-300x150.jpg 300w, https:\/\/lidaglassware.com\/wp-content\/uploads\/2021\/07\/Stackable-Glasses-Set-5-768x384.jpg 768w, https:\/\/lidaglassware.com\/wp-content\/uploads\/2021\/07\/Stackable-Glasses-Set-5-600x300.jpg 600w\" sizes=\"(max-width: 850px) 100vw, 850px\" \/><\/li>\n<\/ul>\n<div class=\"product-point-title\">V\u00e5rd<\/div>\n<ul class=\"product-point\">\n<li>Kan diskas i diskmaskin<\/li>\n<\/ul>\n<p>&nbsp;<\/p>","protected":false},"excerpt":{"rendered":"<p>Det \u00e4r maskinpressat med sodalimeglasmaterial. Det skulle vara ett utm\u00e4rkt val f\u00f6r bar\u00e4gare. Och dess stapelbara karakt\u00e4r g\u00f6r att du kan njuta av det mindre utrymmet.<\/p>","protected":false},"featured_media":876,"comment_status":"open","ping_status":"closed","template":"","meta":[],"class_list":["post-872","product","type-product","status-publish","has-post-thumbnail","hentry","product_cat-glasses-set","product_cat-tumbler-glasses","product_cat-whiskey-glasses","product_tag-glassware","product_tag-hiball-glasses","product_tag-tumbler","product_tag-whiskey","product_tag-whiskey-glass"],"_links":{"self":[{"href":"https:\/\/lidaglassware.com\/sv\/wp-json\/wp\/v2\/product\/872","targetHints":{"allow":["GET"]}}],"collection":[{"href":"https:\/\/lidaglassware.com\/sv\/wp-json\/wp\/v2\/product"}],"about":[{"href":"https:\/\/lidaglassware.com\/sv\/wp-json\/wp\/v2\/types\/product"}],"replies":[{"embeddable":true,"href":"https:\/\/lidaglassware.com\/sv\/wp-json\/wp\/v2\/comments?post=872"}],"wp:featuredmedia":[{"embeddable":true,"href":"https:\/\/lidaglassware.com\/sv\/wp-json\/wp\/v2\/media\/876"}],"wp:attachment":[{"href":"https:\/\/lidaglassware.com\/sv\/wp-json\/wp\/v2\/media?parent=872"}],"curies":[{"name":"wp","href":"https:\/\/api.w.org\/{rel}","templated":true}]}}