{"id":917,"date":"2021-07-13T23:33:25","date_gmt":"2021-07-14T07:33:25","guid":{"rendered":"https:\/\/lidaglassware.com\/?post_type=product&#038;p=917"},"modified":"2024-01-15T22:52:11","modified_gmt":"2024-01-16T06:52:11","slug":"shot-glass-with-measures","status":"publish","type":"product","link":"https:\/\/lidaglassware.com\/sv\/produkt\/shot-glass-with-measures\/","title":{"rendered":"Shot Glass med m\u00e5tt"},"content":{"rendered":"<p>Denna Scotch and Whisky Shot \u00e4r v\u00e5r b\u00e4sta f\u00f6rs\u00e4ljningsvara med stor volymproduktion varje m\u00e5nad. Det \u00e4r det b\u00e4sta valet att best\u00e4lla tillsammans om du inte vill fylla ditt lager f\u00f6r fullt. Under tiden v\u00e4lkomnas en skr\u00e4ddarsydd best\u00e4llning. Vi kan producera slutvarorna med alla dina detaljer mycket snabbt. Vad du kan g\u00f6ra \u00e4r att bara v\u00e4nta p\u00e5 att varorna kommer och levererar till dina kunder.<\/p>\n<div class=\"product-point-box\">\n<div class=\"product-point-title\">Funktioner<\/div>\n<ul class=\"product-point\">\n<li>Anpassningsbara logotyper, genom pr\u00e4gling p\u00e5 basen eller dekallogotypen p\u00e5 kroppen<\/li>\n<li>Skriv helt enkelt<\/li>\n<li>Ingen formningskostnad<\/li>\n<li>M\u00e5tt: Toppdiameter 5cm och H\u00f6jd 6cm<\/li>\n<li>H\u00f6g kvalitet, rent vit<\/li>\n<li>M\u00e5lningsf\u00e4rger g\u00e5r att arbeta med<\/li>\n<li>Provgodk\u00e4nnande f\u00f6re massproduktion<\/li>\n<\/ul>\n<h2><strong>Produktegenskaper f\u00f6r Shot Glass med m\u00e5tt:<\/strong><\/h2>\n<ol>\n<li><strong>M\u00e4tm\u00e4rkningar:<\/strong> Tydligt markerade linjer f\u00f6r exakta m\u00e4tningar, ofta med b\u00e5de uns och milliliter.<\/li>\n<li><strong>M\u00e5ngsidig anv\u00e4ndning:<\/strong> Perfekt f\u00f6r att m\u00e4ta sprit f\u00f6r cocktails, g\u00f6ra blandade drinkar eller njuta av en standardshot.<\/li>\n<li><strong>H\u00f6gkvalitativt material:<\/strong> Vanligtvis tillverkad av slitstarkt glas eller plast, designat f\u00f6r att t\u00e5la regelbunden anv\u00e4ndning.<\/li>\n<li><strong>Tydlig synlighet:<\/strong> Transparent design m\u00f6jligg\u00f6r enkel visning av inneh\u00e5ll och m\u00e5tt.<\/li>\n<li><strong>Noggrann blandning:<\/strong> Viktigt f\u00f6r att skapa balanserade och konsekvent smaksatta cocktails.<\/li>\n<li><strong>L\u00e4tt att st\u00e4da:<\/strong> Diskmaskinss\u00e4kra material f\u00f6r problemfri reng\u00f6ring.<\/li>\n<li><strong>Kompakt storlek:<\/strong> Standard snapsglasstorlek, perfekt f\u00f6r f\u00f6rvaring och hantering.<\/li>\n<li><strong>Ergonomisk design:<\/strong> Bekv\u00e4m att h\u00e5lla och h\u00e4lla, med en design som passar b\u00e5de avslappnade och formella milj\u00f6er.<\/li>\n<li><strong>Perfekt f\u00f6r hemmabarer:<\/strong> Ett utm\u00e4rkt verktyg f\u00f6r hemmamixologer som vill f\u00f6rb\u00e4ttra sina f\u00e4rdigheter i cocktailtillverkning.<\/li>\n<li><strong>Professionell standard:<\/strong> L\u00e4mplig f\u00f6r anv\u00e4ndning i kommersiella milj\u00f6er, erbjuder noggrannhet och effektivitet i en milj\u00f6 med h\u00f6gt tempo.<\/li>\n<\/ol>\n<\/div>","protected":false},"excerpt":{"rendered":"<p>Detta 2oz ounce snapsglas med en tjockare bas, som \u00e4r en av v\u00e5ra b\u00e4sts\u00e4ljare. Den visar upp en klarhet av h\u00f6g kvalitet och ser fantastisk ut med v\u00e5r anpassade screentrycksprocess. Bl\u00e4cket kommer inte att tv\u00e4ttas bort i diskmaskinen, det h\u00e5ller i m\u00e5nga \u00e5r fram\u00f6ver.<\/p>\n<p>Shot Glass with Measures \u00e4r ett praktiskt och innovativt till\u00e4gg till alla barwarekollektioner, som kombinerar det traditionella snapsglaset med funktionaliteten hos m\u00e4tmarkeringar. Dessa glas \u00e4r perfekta f\u00f6r b\u00e5de hembartenders och proffs, och ger ett enkelt och exakt s\u00e4tt att m\u00e4ta sprit och ingredienser f\u00f6r cocktails. De extra m\u00e5ttm\u00e4rkena f\u00f6rb\u00e4ttrar precisionen vid tillagningen av drycker, vilket s\u00e4kerst\u00e4ller konsekventa och balanserade cocktails varje g\u00e5ng. Oavsett om du tillverkar intrikata cocktails eller bara njuter av en uppm\u00e4tt shot av din favoritsprit, erbjuder dessa glas b\u00e5de bekv\u00e4mlighet och precision.<\/p>","protected":false},"featured_media":4072,"comment_status":"open","ping_status":"closed","template":"","meta":[],"class_list":["post-917","product","type-product","status-publish","has-post-thumbnail","hentry","product_cat-shot-glasses","product_tag-promotional-glassware","product_tag-shot-glasses"],"_links":{"self":[{"href":"https:\/\/lidaglassware.com\/sv\/wp-json\/wp\/v2\/product\/917","targetHints":{"allow":["GET"]}}],"collection":[{"href":"https:\/\/lidaglassware.com\/sv\/wp-json\/wp\/v2\/product"}],"about":[{"href":"https:\/\/lidaglassware.com\/sv\/wp-json\/wp\/v2\/types\/product"}],"replies":[{"embeddable":true,"href":"https:\/\/lidaglassware.com\/sv\/wp-json\/wp\/v2\/comments?post=917"}],"wp:featuredmedia":[{"embeddable":true,"href":"https:\/\/lidaglassware.com\/sv\/wp-json\/wp\/v2\/media\/4072"}],"wp:attachment":[{"href":"https:\/\/lidaglassware.com\/sv\/wp-json\/wp\/v2\/media?parent=917"}],"curies":[{"name":"wp","href":"https:\/\/api.w.org\/{rel}","templated":true}]}}