{"id":925,"date":"2021-07-13T23:58:43","date_gmt":"2021-07-14T07:58:43","guid":{"rendered":"https:\/\/lidaglassware.com\/?post_type=product&#038;p=925"},"modified":"2024-01-15T21:49:57","modified_gmt":"2024-01-16T05:49:57","slug":"beer-glass-cup-350ml","status":"publish","type":"product","link":"https:\/\/lidaglassware.com\/sv\/produkt\/beer-glass-cup-350ml\/","title":{"rendered":"\u00d6lglaskopp 350ml"},"content":{"rendered":"<div class=\"product-point-title\">Funktioner<\/div>\n<ul class=\"product-point\">\n<li>Klassisk \u00f6lkartdesign<\/li>\n<li>Starkt handtag med tumst\u00f6d<\/li>\n<li>\u00c4ven k\u00e4nd som en Stein, Tankard, Pub Glass eller Draft Mug<\/li>\n<li>Perfekt f\u00f6r barer, restauranger, tavernor, pubar och sportbarer<\/li>\n<\/ul>\n<div class=\"product-point-title\">Ytterligare info<\/div>\n<ul class=\"product-point\">\n<li>Kapacitet: 350ml<\/li>\n<li>M\u00e5tt: 70x70x141mm<\/li>\n<li>Vikt: 480g<\/li>\n<li>F\u00f6rpackning: 2st\/kartong, 24st\/ctn<\/li>\n<li>Kartongstorlek: 37x32x33cm<\/li>\n<\/ul>\n<div class=\"product-point-title\">Sk\u00f6tsel och instruktioner<\/div>\n<ul class=\"product-point\">\n<li>Kan diskas i diskmaskin<\/li>\n<\/ul>","protected":false},"excerpt":{"rendered":"<p>Det \u00e4r Hot sell \u00f6lmugg i m\u00e5nga \u00e5r. B\u00e4sta valet f\u00f6r barartiklar \u00e5terf\u00f6rs\u00e4ljare. \u00c4ven f\u00f6r vinm\u00e4rken som har event. Det \u00e4r det b\u00e4sta f\u00f6r att marknadsf\u00f6ra ditt varum\u00e4rke.<\/p>","protected":false},"featured_media":932,"comment_status":"open","ping_status":"closed","template":"","meta":[],"class_list":["post-925","product","type-product","status-publish","has-post-thumbnail","hentry","product_cat-beer-glasses","product_tag-beer-mugs","product_tag-glassware","product_tag-promotional-glassware"],"_links":{"self":[{"href":"https:\/\/lidaglassware.com\/sv\/wp-json\/wp\/v2\/product\/925","targetHints":{"allow":["GET"]}}],"collection":[{"href":"https:\/\/lidaglassware.com\/sv\/wp-json\/wp\/v2\/product"}],"about":[{"href":"https:\/\/lidaglassware.com\/sv\/wp-json\/wp\/v2\/types\/product"}],"replies":[{"embeddable":true,"href":"https:\/\/lidaglassware.com\/sv\/wp-json\/wp\/v2\/comments?post=925"}],"wp:featuredmedia":[{"embeddable":true,"href":"https:\/\/lidaglassware.com\/sv\/wp-json\/wp\/v2\/media\/932"}],"wp:attachment":[{"href":"https:\/\/lidaglassware.com\/sv\/wp-json\/wp\/v2\/media?parent=925"}],"curies":[{"name":"wp","href":"https:\/\/api.w.org\/{rel}","templated":true}]}}