{"id":938,"date":"2021-07-15T16:57:33","date_gmt":"2021-07-16T00:57:33","guid":{"rendered":"https:\/\/lidaglassware.com\/?post_type=product&#038;p=938"},"modified":"2024-01-15T22:44:16","modified_gmt":"2024-01-16T06:44:16","slug":"double-shot-glasses-2-1oz-60ml","status":"publish","type":"product","link":"https:\/\/lidaglassware.com\/sv\/produkt\/dubbla-snapsglas-2-1oz-60ml\/","title":{"rendered":"Dubbla snapsglas 2,1 oz \/ 60 ml"},"content":{"rendered":"<h2>Dubbla Shotglas\u00f6gon<\/h2>\n<p>Det dubbla\u00a0<span style=\"color: #000000;\"><a style=\"color: #000000;\" href=\"http:\/\/www.itsglassware.com\/product-category\/shot-glasses\/\" target=\"_blank\" rel=\"noopener\">Shot Glas\u00f6gon<\/a><\/span> g\u00e5 emot den vanliga kortare snapsglasdesignen. Den introducerar highball-elementet till skyttarnas v\u00e4rld. De eleganta, minimala, raka sidorna passar utan anstr\u00e4ngning in i alla barwaresortiment, vilket g\u00f6r dem till det perfekta snapsglaset f\u00f6r ditt vitrinsk\u00e5p.<\/p>\n<p>Perfekt f\u00f6r fester, kapaciteten p\u00e5 60 ml p\u00e5 Shot Glasses g\u00f6r dem utm\u00e4rkta f\u00f6r att skapa extra stora bilder, och \u00e4ven f\u00f6r visuella visningar med skiktade bilder. Oavsett vilket gift du har, s\u00e4kerst\u00e4ller den tunga designen av Double Shot Glasses att de t\u00e5l s\u00e5 mycket straff som du kan tj\u00e4na!<\/p>\n<p><strong>Produktegenskaper f\u00f6r Double Shot Glas\u00f6gon:<\/strong><\/p>\n<ol>\n<li><strong>\u00d6kad kapacitet:<\/strong> Rymmer vanligtvis cirka 2 uns, dubbelt s\u00e5 mycket som vanliga snapsglas.<\/li>\n<li><strong>H\u00e5llbart material:<\/strong> Tillverkad av h\u00f6gkvalitativt glas, vilket s\u00e4kerst\u00e4ller h\u00e5llbarhet och livsl\u00e4ngd.<\/li>\n<li><strong>M\u00e5ngsidig anv\u00e4ndning:<\/strong> Idealisk f\u00f6r att servera dubbla shots av sprit, lagershots eller sm\u00e5 cocktails.<\/li>\n<li><strong>Ergonomisk design:<\/strong> Bekv\u00e4m att h\u00e5lla i och smutta ur, med en design som ligger bra i handen.<\/li>\n<li><strong>Tydlig synlighet:<\/strong> Transparent material visar inneh\u00e5llets f\u00e4rg och klarhet.<\/li>\n<li><strong>Enkel reng\u00f6ring:<\/strong> T\u00e5l vanligtvis diskmaskin, vilket g\u00f6r dem l\u00e4tta att reng\u00f6ra och underh\u00e5lla.<\/li>\n<li><strong>Staplingsbar:<\/strong> Ofta utformad f\u00f6r att vara stapelbar, vilket sparar utrymme i f\u00f6rvaring.<\/li>\n<li><strong>Perfekt f\u00f6r underh\u00e5llning:<\/strong> Perfekt f\u00f6r fester, provningar eller som en stapelvara i en hem- eller kommersiell bar.<\/li>\n<li><strong>Estetiskt tilltalande:<\/strong> Deras eleganta och enkla design ger en touch av sofistikering till alla milj\u00f6er.<\/li>\n<li><strong>Konsekventa m\u00e4tningar:<\/strong> Idealisk f\u00f6r att noggrant m\u00e4ta sprit f\u00f6r cocktails, vilket s\u00e4kerst\u00e4ller konsistens vid tillagning av dryck.<\/li>\n<\/ol>","protected":false},"excerpt":{"rendered":"<p>Double Shot Glasses erbjuder ett praktiskt och elegant s\u00e4tt att njuta av din favoritsprit och cocktails. St\u00f6rre \u00e4n vanliga snapsglas, de \u00e4r designade f\u00f6r att rymma cirka 2 uns, perfekt f\u00f6r dem som uppskattar en mer gener\u00f6s servering. Oavsett om de anv\u00e4nds i en hemmabar eller en professionell milj\u00f6, \u00e4r dessa glas m\u00e5ngsidiga och viktiga f\u00f6r att servera en m\u00e4ngd olika drycker, fr\u00e5n snygg sprit till shots i lager. Deras st\u00f6rre storlek g\u00f6r dem ocks\u00e5 l\u00e4mpliga f\u00f6r minicocktails, vilket ger en touch av elegans och bekv\u00e4mlighet till alla sociala sammankomster.<\/p>","protected":false},"featured_media":4071,"comment_status":"closed","ping_status":"closed","template":"","meta":[],"class_list":["post-938","product","type-product","status-publish","has-post-thumbnail","hentry","product_cat-branded-glasses","product_cat-shot-glasses","product_tag-shot-glasses"],"_links":{"self":[{"href":"https:\/\/lidaglassware.com\/sv\/wp-json\/wp\/v2\/product\/938","targetHints":{"allow":["GET"]}}],"collection":[{"href":"https:\/\/lidaglassware.com\/sv\/wp-json\/wp\/v2\/product"}],"about":[{"href":"https:\/\/lidaglassware.com\/sv\/wp-json\/wp\/v2\/types\/product"}],"replies":[{"embeddable":true,"href":"https:\/\/lidaglassware.com\/sv\/wp-json\/wp\/v2\/comments?post=938"}],"wp:featuredmedia":[{"embeddable":true,"href":"https:\/\/lidaglassware.com\/sv\/wp-json\/wp\/v2\/media\/4071"}],"wp:attachment":[{"href":"https:\/\/lidaglassware.com\/sv\/wp-json\/wp\/v2\/media?parent=938"}],"curies":[{"name":"wp","href":"https:\/\/api.w.org\/{rel}","templated":true}]}}