{"id":940,"date":"2021-07-15T16:57:33","date_gmt":"2021-07-16T00:57:33","guid":{"rendered":"https:\/\/lidaglassware.com\/?post_type=product&#038;p=940"},"modified":"2024-01-15T22:32:50","modified_gmt":"2024-01-16T06:32:50","slug":"mini-shooter-glasses-1-2oz-35ml","status":"publish","type":"product","link":"https:\/\/lidaglassware.com\/sv\/produkt\/mini-skytte-glasogon-1-2oz-35ml\/","title":{"rendered":"Mini Shooter Glas\u00f6gon 1,2oz \/ 35ml"},"content":{"rendered":"<p>F\u00e5 dina fester att flyta p\u00e5 med l\u00e4tthet med br\u00e4ttet <a href=\"http:\/\/www.itsglassware.com\/product-category\/shot-glasses\/\" target=\"_blank\" rel=\"noopener\"><span style=\"color: #000000;\">Shooter glas\u00f6gon<\/span><\/a>. Det finns ingen anledning att pilla runt och f\u00f6rs\u00f6ka m\u00e4ta ut ett perfekt skott, fyll bara upp detta glas till toppen och du har omedelbart skaffat dig en shooter!<\/p>\n<p>&nbsp;<\/p>\n<h2><strong>Produktegenskaper f\u00f6r Mini Shooter Glas\u00f6gon:<\/strong><\/h2>\n<ol>\n<li><strong>Kompakt storlek:<\/strong> Dessa glas \u00e4r mindre \u00e4n traditionella shooter-glas\u00f6gon, och rymmer vanligtvis mellan 1 och 2 uns, perfekt f\u00f6r provsmakning och kontroll av portionsstorlekar.<\/li>\n<li><strong>Design:<\/strong> Mini Shooter Glasses har ofta en elegant och elegant design, med rena linjer och en tydlig finish som visar upp f\u00e4rgen och klarheten hos andan inuti.<\/li>\n<li><strong>Kvalitetsmaterial:<\/strong> Tillverkade av h\u00f6gkvalitativt glas \u00e4r de h\u00e5llbara och l\u00e4mpliga f\u00f6r b\u00e5de hem och kommersiellt bruk.<\/li>\n<li><strong>Bekv\u00e4mt grepp:<\/strong> Designad f\u00f6r att ligga bekv\u00e4mt i handen, deras storlek och form g\u00f6r dem l\u00e4tta att h\u00e5lla och smutta ur.<\/li>\n<li><strong>M\u00e5ngsidighet:<\/strong> Perfekt f\u00f6r en m\u00e4ngd olika spritdrycker, inklusive vodka, tequila och premiumlik\u00f6rer, samt f\u00f6r att servera minicocktails eller dessertshots.<\/li>\n<li><strong>Perfekt f\u00f6r provsmakningar:<\/strong> Deras lilla storlek g\u00f6r dem perfekta f\u00f6r spritprovningar, vilket g\u00f6r att g\u00e4sterna kan prova en m\u00e4ngd olika drycker utan \u00f6verkonsumtion.<\/li>\n<li><strong>L\u00e4tt att st\u00e4da:<\/strong> De \u00e4r vanligtvis diskmaskinss\u00e4kra, de \u00e4r l\u00e4tta att reng\u00f6ra och underh\u00e5lla, vilket g\u00f6r dem till ett praktiskt val f\u00f6r regelbunden anv\u00e4ndning.<\/li>\n<li><strong>Estetiskt tilltalande:<\/strong> Mini shooter-glas\u00f6gonen kan f\u00f6rb\u00e4ttra presentationen av dina spritdrycker eller minicocktails och l\u00e4gga till en touch av sofistikering till ditt event eller barmilj\u00f6.<\/li>\n<li><strong>Stapelbar design:<\/strong> M\u00e5nga mini skytteglas\u00f6gon \u00e4r designade f\u00f6r att kunna staplas, vilket sparar utrymme i ditt sk\u00e5p eller bar.<\/li>\n<li><strong>Perfekt f\u00f6r fester:<\/strong> Perfekt f\u00f6r anv\u00e4ndning p\u00e5 fester, evenemang eller i en bar d\u00e4r du vill erbjuda en liten, koncentrerad smak av en dryck.<\/li>\n<\/ol>","protected":false},"excerpt":{"rendered":"<p>Mini Shooter-glas\u00f6gon \u00e4r den perfekta blandningen av roligt och praktiskt, och erbjuder ett h\u00e4rligt s\u00e4tt att njuta av dina favoritdrycker i sm\u00e5 doser. Dessa glas\u00f6gon \u00e4r en mindre version av det klassiska skjutglaset, designat f\u00f6r att njuta av sprit p\u00e5 ett mer kontrollerat och elegant s\u00e4tt. Deras kompakta storlek g\u00f6r dem idealiska f\u00f6r provsmakningar, vilket g\u00f6r att du kan prova en m\u00e4ngd olika drycker utan \u00f6verseende. Oavsett om det \u00e4r f\u00f6r ett sofistikerat spritprovningsevenemang, en avslappnad tr\u00e4ff eller som en del av en hembarkollektion, tillf\u00f6r Mini Shooter Glasses en touch av f\u00f6rfining och kommer s\u00e4kerligen att lyfta alla sociala sammankomster.<\/p>","protected":false},"featured_media":4070,"comment_status":"closed","ping_status":"closed","template":"","meta":[],"class_list":["post-940","product","type-product","status-publish","has-post-thumbnail","hentry","product_cat-branded-glasses","product_cat-shot-glasses","product_tag-shot-glasses"],"_links":{"self":[{"href":"https:\/\/lidaglassware.com\/sv\/wp-json\/wp\/v2\/product\/940","targetHints":{"allow":["GET"]}}],"collection":[{"href":"https:\/\/lidaglassware.com\/sv\/wp-json\/wp\/v2\/product"}],"about":[{"href":"https:\/\/lidaglassware.com\/sv\/wp-json\/wp\/v2\/types\/product"}],"replies":[{"embeddable":true,"href":"https:\/\/lidaglassware.com\/sv\/wp-json\/wp\/v2\/comments?post=940"}],"wp:featuredmedia":[{"embeddable":true,"href":"https:\/\/lidaglassware.com\/sv\/wp-json\/wp\/v2\/media\/4070"}],"wp:attachment":[{"href":"https:\/\/lidaglassware.com\/sv\/wp-json\/wp\/v2\/media?parent=940"}],"curies":[{"name":"wp","href":"https:\/\/api.w.org\/{rel}","templated":true}]}}