{"id":942,"date":"2021-07-15T16:57:34","date_gmt":"2021-07-16T00:57:34","guid":{"rendered":"https:\/\/lidaglassware.com\/?post_type=product&#038;p=942"},"modified":"2024-01-15T22:24:42","modified_gmt":"2024-01-16T06:24:42","slug":"wyborowa-shot-glasses-1-7oz-50ml","status":"publish","type":"product","link":"https:\/\/lidaglassware.com\/sv\/produkt\/wyborowa-shot-glasses-1-7oz-50ml\/","title":{"rendered":"WYBOROWA Shotglas\u00f6gon 1,7 oz \/ 50 ml"},"content":{"rendered":"<p>Detta WYBOROWA snapsglas\u00f6gon \u00e4r <a href=\"https:\/\/lidaglassware.com\/sv\/customization\/\" target=\"_blank\" rel=\"noopener sponsored\">anpassat<\/a> med <span style=\"color: #000000;\">m\u00e4rkesvaror<\/span> logotyp.<\/p>\n<p>Snygg och kristalldesign g\u00f6r att du kan njuta av din vintid. Beh\u00f6ver du ocks\u00e5 egna glas\u00f6gon?<\/p>\n<p>Allt vi beh\u00f6ver \u00e4r dina \u00f6nskem\u00e5l om volym och logotyp\/monogram du f\u00f6redrar, vi kommer att ge dig de unika planerna f\u00f6r ditt val. Du kommer att f\u00e5 den speciella upplevelsen av l\u00e4ttk\u00f6p och garanterad kvalitet.<\/p>","protected":false},"excerpt":{"rendered":"<p>Shotglas\u00f6gon med pr\u00e4glad logotyp sticker ut som en personlig touch i alla barmilj\u00f6er, och kombinerar funktionalitet med en skr\u00e4ddarsydd stil. Dessa glas \u00e4r inte bara k\u00e4rl f\u00f6r dina favoritsprit; de \u00e4r ett uttryck f\u00f6r stil och individualitet. Dessa snapsglas med pr\u00e4glade logotyper \u00e4r idealiska f\u00f6r f\u00f6retag som vill skapa ett varum\u00e4rke f\u00f6r sina barware, evenemang som letar efter ett minnesv\u00e4rt minnesv\u00e4rde eller till och med som en unik g\u00e5va. Den upph\u00f6jda designen p\u00e5 logotypen l\u00e4gger till ett taktilt element till upplevelsen, vilket g\u00f6r varje klunk till en mer engagerande aff\u00e4r.<\/p>","protected":false},"featured_media":4068,"comment_status":"closed","ping_status":"closed","template":"","meta":[],"class_list":["post-942","product","type-product","status-publish","has-post-thumbnail","hentry","product_cat-branded-glasses","product_cat-shot-glasses"],"_links":{"self":[{"href":"https:\/\/lidaglassware.com\/sv\/wp-json\/wp\/v2\/product\/942","targetHints":{"allow":["GET"]}}],"collection":[{"href":"https:\/\/lidaglassware.com\/sv\/wp-json\/wp\/v2\/product"}],"about":[{"href":"https:\/\/lidaglassware.com\/sv\/wp-json\/wp\/v2\/types\/product"}],"replies":[{"embeddable":true,"href":"https:\/\/lidaglassware.com\/sv\/wp-json\/wp\/v2\/comments?post=942"}],"wp:featuredmedia":[{"embeddable":true,"href":"https:\/\/lidaglassware.com\/sv\/wp-json\/wp\/v2\/media\/4068"}],"wp:attachment":[{"href":"https:\/\/lidaglassware.com\/sv\/wp-json\/wp\/v2\/media?parent=942"}],"curies":[{"name":"wp","href":"https:\/\/api.w.org\/{rel}","templated":true}]}}