{"id":943,"date":"2021-07-15T16:57:34","date_gmt":"2021-07-16T00:57:34","guid":{"rendered":"https:\/\/lidaglassware.com\/?post_type=product&#038;p=943"},"modified":"2021-07-19T00:10:45","modified_gmt":"2021-07-19T08:10:45","slug":"city-shot-glasses-1-4oz-40ml","status":"publish","type":"product","link":"https:\/\/lidaglassware.com\/sv\/produkt\/city-shot-glasogon-1-4oz-40ml\/","title":{"rendered":"City Shotglas\u00f6gon 1,4 oz \/ 40 ml"},"content":{"rendered":"<p>Perfekt f\u00f6r alla andar, denna stad <a href=\"http:\/\/www.itsglassware.com\" target=\"_blank\" rel=\"noopener\">Shot Glas\u00f6gon<\/a>\u00a0 \u00e4r den perfekta feststartaren. Denna design erbjuder ett mer elegant glas med en bred topp och en tjock, tung bas, vilket hj\u00e4lper till att erbjuda ett dj\u00e4rvt utseende som ackompanjerar dina drinkar.<\/p>","protected":false},"excerpt":{"rendered":"<p>Dessa City Shot-glas\u00f6gon \u00e4r perfekta f\u00f6r alla sprit och \u00e4r den perfekta feststarten. Denna design erbjuder ett mer elegant glas med en bred topp och en tjock, tung bas, vilket hj\u00e4lper till att erbjuda ett dj\u00e4rvt utseende som ackompanjerar dina drinkar.<\/p>","protected":false},"featured_media":994,"comment_status":"closed","ping_status":"closed","template":"","meta":[],"class_list":["post-943","product","type-product","status-publish","has-post-thumbnail","hentry","product_cat-branded-glasses","product_cat-shot-glasses"],"_links":{"self":[{"href":"https:\/\/lidaglassware.com\/sv\/wp-json\/wp\/v2\/product\/943","targetHints":{"allow":["GET"]}}],"collection":[{"href":"https:\/\/lidaglassware.com\/sv\/wp-json\/wp\/v2\/product"}],"about":[{"href":"https:\/\/lidaglassware.com\/sv\/wp-json\/wp\/v2\/types\/product"}],"replies":[{"embeddable":true,"href":"https:\/\/lidaglassware.com\/sv\/wp-json\/wp\/v2\/comments?post=943"}],"wp:featuredmedia":[{"embeddable":true,"href":"https:\/\/lidaglassware.com\/sv\/wp-json\/wp\/v2\/media\/994"}],"wp:attachment":[{"href":"https:\/\/lidaglassware.com\/sv\/wp-json\/wp\/v2\/media?parent=943"}],"curies":[{"name":"wp","href":"https:\/\/api.w.org\/{rel}","templated":true}]}}