{"id":948,"date":"2021-07-15T16:57:34","date_gmt":"2021-07-16T00:57:34","guid":{"rendered":"https:\/\/lidaglassware.com\/?post_type=product&#038;p=948"},"modified":"2022-09-27T01:22:23","modified_gmt":"2022-09-27T09:22:23","slug":"bullet-shot-glasses-2-6oz-75ml","status":"publish","type":"product","link":"https:\/\/lidaglassware.com\/sv\/produkt\/kula-shot-glasogon-2-6oz-75ml\/","title":{"rendered":"Bullet Shot Glas\u00f6gon 2,6 oz \/ 75 ml"},"content":{"rendered":"<h2>Kulglas\u00f6gon p\u00e5 75ml<\/h2>\n<p><span style=\"color: #333333;\">Detta kulhagelglas \u00e4r ett st\u00f6rre av <a style=\"color: #333333;\" href=\"http:\/\/www.itsglassware.com\/product\/bullet-shot-glasses-40ml\/\" target=\"_blank\" rel=\"noopener\">kulskott 40ml\/1,5oz<\/a>. B\u00e5da har liknande form men olika i volymen. Du kan v\u00e4lja den du gillar.<\/span><\/p>\n<p><span style=\"color: #333333;\">De\u00a0<a style=\"color: #333333;\" href=\"http:\/\/www.itsglassware.com\/product-category\/shot-glasses\/\" target=\"_blank\" rel=\"noopener\">snapsglas<\/a> \u00e4r perfekt f\u00f6r att sv\u00e4nga tillbaka och sl\u00e5 ner de d\u00e4r \u00f6gonvattna skyttarna. Bullet Shot Glass rymmer 40 ml av din \u00f6nskade shot och \u00e4r idealiskt f\u00f6r allt fr\u00e5n en tequila slammer till en dram whisky.<\/span><\/p>\n<p><span style=\"color: #333333;\">Den tjocka basen ger detta glas extra styrka och robusthet, vilket ger dig sinnesfrid n\u00e4r du delar ut farliga bilder mellan v\u00e4nner.<\/span><\/p>\n<p><span style=\"color: #333333;\">Fr\u00e5n WIKI<\/span><\/p>\n<p><span style=\"color: #333333;\">A <b>snapsglas<\/b> \u00e4r en liten <a class=\"mw-redirect\" style=\"color: #333333;\" title=\"Glas (dryck)\" href=\"https:\/\/en.wikipedia.org\/wiki\/Glass_(drinkware)\" target=\"_blank\" rel=\"noopener\">glas<\/a> utformad f\u00f6r att h\u00e5lla eller m\u00e4ta <a style=\"color: #333333;\" title=\"Destillerad dryck\" href=\"https:\/\/en.wikipedia.org\/wiki\/Distilled_beverage\" target=\"_blank\" rel=\"noopener\">sprit eller sprit<\/a>, som antingen dricks direkt ur glaset (&quot;en shot&quot;) eller h\u00e4lls upp i en <a style=\"color: #333333;\" title=\"Cocktail\" href=\"https:\/\/en.wikipedia.org\/wiki\/Cocktail\" target=\"_blank\" rel=\"noopener\">cocktail<\/a>. En &quot;shot&quot; sprit \u00e4r inte detsamma som en &quot;<a style=\"color: #333333;\" title=\"Shooter (dryck)\" href=\"https:\/\/en.wikipedia.org\/wiki\/Shooter_(drink)\" target=\"_blank\" rel=\"noopener\">skytt<\/a>&#8220;.<\/span><\/p>\n<p><span style=\"color: #333333;\">Shotglas dekorerade med ett brett utbud av <a style=\"color: #333333;\" title=\"Rostat br\u00f6d (heder)\" href=\"https:\/\/en.wikipedia.org\/wiki\/Toast_(honor)\" target=\"_blank\" rel=\"noopener\">sk\u00e5lar<\/a>, reklam och humoristiska bilder \u00e4r popul\u00e4ra <a style=\"color: #333333;\" title=\"Souvenir\" href=\"https:\/\/en.wikipedia.org\/wiki\/Souvenir\" target=\"_blank\" rel=\"noopener\">souvenirer<\/a> och <a style=\"color: #333333;\" title=\"Breweriana\" href=\"https:\/\/en.wikipedia.org\/wiki\/Breweriana\" target=\"_blank\" rel=\"noopener\">samlarf\u00f6rem\u00e5l<\/a>.<\/span><\/p>","protected":false},"excerpt":{"rendered":"<p>Shot Glas Material: Soda Lime Glass<\/p>\n<p>Tungviktsbas<\/p>\n<p>Presentf\u00f6rpackning finns<\/p>\n<p>Kan diskas i diskmaskin<\/p>\n<p>Idealisk f\u00f6r skyttar, aperitifer och digestif<\/p>","protected":false},"featured_media":1015,"comment_status":"closed","ping_status":"closed","template":"","meta":[],"class_list":["post-948","product","type-product","status-publish","has-post-thumbnail","hentry","product_cat-shot-glasses","product_tag-promotional-glassware","product_tag-shot-glasses"],"_links":{"self":[{"href":"https:\/\/lidaglassware.com\/sv\/wp-json\/wp\/v2\/product\/948","targetHints":{"allow":["GET"]}}],"collection":[{"href":"https:\/\/lidaglassware.com\/sv\/wp-json\/wp\/v2\/product"}],"about":[{"href":"https:\/\/lidaglassware.com\/sv\/wp-json\/wp\/v2\/types\/product"}],"replies":[{"embeddable":true,"href":"https:\/\/lidaglassware.com\/sv\/wp-json\/wp\/v2\/comments?post=948"}],"wp:featuredmedia":[{"embeddable":true,"href":"https:\/\/lidaglassware.com\/sv\/wp-json\/wp\/v2\/media\/1015"}],"wp:attachment":[{"href":"https:\/\/lidaglassware.com\/sv\/wp-json\/wp\/v2\/media?parent=948"}],"curies":[{"name":"wp","href":"https:\/\/api.w.org\/{rel}","templated":true}]}}