{"id":949,"date":"2021-07-15T16:57:34","date_gmt":"2021-07-16T00:57:34","guid":{"rendered":"https:\/\/lidaglassware.com\/?post_type=product&#038;p=949"},"modified":"2021-07-20T17:47:44","modified_gmt":"2021-07-21T01:47:44","slug":"heart-shaped-glass-votive-candle-holders-60ml","status":"publish","type":"product","link":"https:\/\/lidaglassware.com\/sv\/produkt\/hjartformade-glas-votive-ljusstakar-60ml\/","title":{"rendered":"Hj\u00e4rtformade votivljusstakar i glas 60ml"},"content":{"rendered":"<h2>Ljusstakar i glas 60ml<\/h2>\n<p>Denna ljusstake i glas \u00e4r speciell i sin hj\u00e4rtform. Det \u00e4r unikt!<\/p>\n<p>Om du vill sl\u00e5 den normala marknaden f\u00f6r ljus m\u00e5ste du designa din egen f\u00f6r t\u00e4vlingen, f\u00f6r vinsten. Vi finns h\u00e4r och v\u00e4ntar p\u00e5 att du ska inse vad du tycker och vad du beh\u00f6ver.<\/p>\n<p>Vi har olika l\u00f6sningar f\u00f6r dig. Bara ring eller maila!<\/p>","protected":false},"excerpt":{"rendered":"<p>Glass Votive Candle Holders 60ml This votive glass candle holder is special at its heart shape. It is unique! If you want to beat the normal market of candle, you need to design your own for the competition, for the profit. We are here waiting for you, to realize what you think and what you [&hellip;]<\/p>","protected":false},"featured_media":1019,"comment_status":"closed","ping_status":"closed","template":"","meta":[],"class_list":["post-949","product","type-product","status-publish","has-post-thumbnail","hentry","product_cat-glass-candle-holders"],"_links":{"self":[{"href":"https:\/\/lidaglassware.com\/sv\/wp-json\/wp\/v2\/product\/949","targetHints":{"allow":["GET"]}}],"collection":[{"href":"https:\/\/lidaglassware.com\/sv\/wp-json\/wp\/v2\/product"}],"about":[{"href":"https:\/\/lidaglassware.com\/sv\/wp-json\/wp\/v2\/types\/product"}],"replies":[{"embeddable":true,"href":"https:\/\/lidaglassware.com\/sv\/wp-json\/wp\/v2\/comments?post=949"}],"wp:featuredmedia":[{"embeddable":true,"href":"https:\/\/lidaglassware.com\/sv\/wp-json\/wp\/v2\/media\/1019"}],"wp:attachment":[{"href":"https:\/\/lidaglassware.com\/sv\/wp-json\/wp\/v2\/media?parent=949"}],"curies":[{"name":"wp","href":"https:\/\/api.w.org\/{rel}","templated":true}]}}