{"id":950,"date":"2021-07-15T16:57:34","date_gmt":"2021-07-16T00:57:34","guid":{"rendered":"https:\/\/lidaglassware.com\/?post_type=product&#038;p=950"},"modified":"2022-09-27T16:39:46","modified_gmt":"2022-09-28T00:39:46","slug":"square-shot-glasses-2-1oz-60ml","status":"publish","type":"product","link":"https:\/\/lidaglassware.com\/sv\/produkt\/fyrkantiga-snapsglas-2-1oz-60ml\/","title":{"rendered":"Fyrkantiga snapsglas 2,1 oz \/ 60 ml"},"content":{"rendered":"<h2>Fyrkantiga snapsglas 60ml<\/h2>\n<p>&nbsp;<\/p>\n<p><span style=\"color: #000000;\">Det h\u00e4r torget <a style=\"color: #000000;\" href=\"http:\/\/www.itsglassware.com\/product-category\/shot-glasses\/\" target=\"_blank\" rel=\"noopener\">snapsglas<\/a> \u00e4r annorlunda med vanliga runda glas\u00f6gon. De \u00e4r i kvadratisk form. Tjockleken \u00e4r cirka 7 mm i h\u00f6rnet. Fr\u00e5n toppen lyser det precis som diamanter.<\/span><\/p>\n<p><span style=\"color: #000000;\">Logotyp rekommenderas ocks\u00e5 starkt. Medan du h\u00e5ller i h\u00e4nderna p\u00e5minner den tunga vikten dig om att njuta.<\/span><\/p>\n<p>&nbsp;<\/p>\n<p><span style=\"color: #000000;\">Fr\u00e5n WIKI<\/span><\/p>\n<p><span style=\"color: #000000;\">A <b>snapsglas<\/b> \u00e4r en liten <a class=\"mw-redirect\" style=\"color: #000000;\" title=\"Glas (dryck)\" href=\"https:\/\/en.wikipedia.org\/wiki\/Glass_(drinkware)\" target=\"_blank\" rel=\"noopener\">glas<\/a> utformad f\u00f6r att h\u00e5lla eller m\u00e4ta <a style=\"color: #000000;\" title=\"Destillerad dryck\" href=\"https:\/\/en.wikipedia.org\/wiki\/Distilled_beverage\" target=\"_blank\" rel=\"noopener\">sprit eller sprit<\/a>, som antingen dricks direkt ur glaset (&quot;en shot&quot;) eller h\u00e4lls upp i en <a style=\"color: #000000;\" title=\"Cocktail\" href=\"https:\/\/en.wikipedia.org\/wiki\/Cocktail\" target=\"_blank\" rel=\"noopener\">cocktail<\/a>. En &quot;shot&quot; sprit \u00e4r inte detsamma som en &quot;<a style=\"color: #000000;\" title=\"Shooter (dryck)\" href=\"https:\/\/en.wikipedia.org\/wiki\/Shooter_(drink)\" target=\"_blank\" rel=\"noopener\">skytt<\/a>&#8220;.<\/span><\/p>\n<p><span style=\"color: #000000;\">Shotglas dekorerade med ett brett utbud av <a style=\"color: #000000;\" title=\"Rostat br\u00f6d (heder)\" href=\"https:\/\/en.wikipedia.org\/wiki\/Toast_(honor)\" target=\"_blank\" rel=\"noopener\">sk\u00e5lar<\/a>, reklam och humoristiska bilder \u00e4r popul\u00e4ra <a style=\"color: #000000;\" title=\"Souvenir\" href=\"https:\/\/en.wikipedia.org\/wiki\/Souvenir\" target=\"_blank\" rel=\"noopener\">souvenirer<\/a> och <a style=\"color: #000000;\" title=\"Breweriana\" href=\"https:\/\/en.wikipedia.org\/wiki\/Breweriana\" target=\"_blank\" rel=\"noopener\">samlarf\u00f6rem\u00e5l<\/a>.<\/span><\/p>","protected":false},"excerpt":{"rendered":"<p>V\u00e4ldigt tydligt, bara f\u00f6r att avbilda, n\u00e4r du h\u00e4ller spriten eller spriten i glasen, vilken glad tid n\u00e4r du dricker nerifr\u00e5n och upp!<\/p>","protected":false},"featured_media":1023,"comment_status":"closed","ping_status":"closed","template":"","meta":[],"class_list":["post-950","product","type-product","status-publish","has-post-thumbnail","hentry","product_cat-shot-glasses","product_tag-shot-glasses"],"_links":{"self":[{"href":"https:\/\/lidaglassware.com\/sv\/wp-json\/wp\/v2\/product\/950","targetHints":{"allow":["GET"]}}],"collection":[{"href":"https:\/\/lidaglassware.com\/sv\/wp-json\/wp\/v2\/product"}],"about":[{"href":"https:\/\/lidaglassware.com\/sv\/wp-json\/wp\/v2\/types\/product"}],"replies":[{"embeddable":true,"href":"https:\/\/lidaglassware.com\/sv\/wp-json\/wp\/v2\/comments?post=950"}],"wp:featuredmedia":[{"embeddable":true,"href":"https:\/\/lidaglassware.com\/sv\/wp-json\/wp\/v2\/media\/1023"}],"wp:attachment":[{"href":"https:\/\/lidaglassware.com\/sv\/wp-json\/wp\/v2\/media?parent=950"}],"curies":[{"name":"wp","href":"https:\/\/api.w.org\/{rel}","templated":true}]}}