{"id":956,"date":"2021-07-15T16:57:35","date_gmt":"2021-07-16T00:57:35","guid":{"rendered":"https:\/\/lidaglassware.com\/?post_type=product&#038;p=956"},"modified":"2022-09-27T16:33:22","modified_gmt":"2022-09-28T00:33:22","slug":"round-whiskey-tumblers-8oz-225ml","status":"publish","type":"product","link":"https:\/\/lidaglassware.com\/sv\/produkt\/runda-whisky-tumlare-8oz-225ml\/","title":{"rendered":"Runda whiskyglas 8oz \/ 225ml"},"content":{"rendered":"<h2>Runda whiskyglas 8oz \/ 225ml<\/h2>\n<p>&nbsp;<\/p>\n<p>Dessa runda whiskyglas \u00e4r l\u00e4mpliga f\u00f6r kommersiella milj\u00f6er s\u00e5v\u00e4l som hemma, dessa whikisyglas har tillverkats av sodalimeglas. Och de t\u00e5l h\u00e5rd daglig anv\u00e4ndning.<\/p>\n<p>Detta whiskyglas\/gammaldags glas tillverkas maskinpressat. Den visar den \u00f6verl\u00e4gsna klarheten och en fin kant. Du kan ha din egen drinkpresentation.<\/p>\n<p>L\u00e4mplig f\u00f6r anv\u00e4ndning i kommersiella milj\u00f6er som restauranger, pubar, fester, etc. Hoppas att du trivs med denna gammaldags diamantglas.<\/p>\n<p>&nbsp;<\/p>\n<div class=\"mw-body-content\">\n<h4 id=\"firstHeading\" class=\"firstHeading\" lang=\"en\"><span style=\"color: #000000;\">Gammaldags glas<\/span><\/h4>\n<div id=\"bodyContent\" class=\"mw-body-content\">\n<div id=\"siteSub\"><span style=\"color: #000000;\">Fr\u00e5n Wikipedia, den fria encyklopedin<\/span><\/div>\n<div id=\"contentSub\"><\/div>\n<div id=\"jump-to-nav\" class=\"mw-jump\"><span style=\"color: #000000;\">Ett gammaldags glas som traditionellt anv\u00e4nds f\u00f6r servering <a style=\"color: #000000;\" title=\"Destillerad dryck\" href=\"https:\/\/en.wikipedia.org\/wiki\/Distilled_beverage\" target=\"_blank\" rel=\"noopener\">sprit<\/a><\/span><\/div>\n<div id=\"mw-content-text\" class=\"mw-content-ltr\" dir=\"ltr\" lang=\"en\">\n<p><span style=\"color: #000000;\">De <b>Gammaldags glas<\/b> eller <b>stenar glas<\/b> \u00e4r en kort <a style=\"color: #000000;\" title=\"Tumlare (glas)\" href=\"https:\/\/en.wikipedia.org\/wiki\/Tumbler_(glass)\" target=\"_blank\" rel=\"noopener\">tumlare<\/a> anv\u00e4nds f\u00f6r att servera solbr\u00e4nna <a style=\"color: #000000;\" title=\"Destillerad dryck\" href=\"https:\/\/en.wikipedia.org\/wiki\/Distilled_beverage\" target=\"_blank\" rel=\"noopener\">sprit<\/a>, Till exempel <a style=\"color: #000000;\" title=\"Whisky\" href=\"https:\/\/en.wikipedia.org\/wiki\/Whisky\" target=\"_blank\" rel=\"noopener\">whisky<\/a>, med <a class=\"mw-redirect\" style=\"color: #000000;\" title=\"Isbitar\" href=\"https:\/\/en.wikipedia.org\/wiki\/Ice_cubes\" target=\"_blank\" rel=\"noopener\">isbitar<\/a> (&quot;p\u00e5 klipporna&quot;). Det anv\u00e4nds ocks\u00e5 normalt f\u00f6r att tj\u00e4na vissa <a style=\"color: #000000;\" title=\"Cocktail\" href=\"https:\/\/en.wikipedia.org\/wiki\/Cocktail\" target=\"_blank\" rel=\"noopener\">cocktails<\/a>, s\u00e5 som <a style=\"color: #000000;\" title=\"Gammaldags\" href=\"https:\/\/en.wikipedia.org\/wiki\/Old_Fashioned\" target=\"_blank\" rel=\"noopener\">Gammaldags<\/a>, fr\u00e5n vilken den f\u00e5r sitt namn.<\/span><\/p>\n<p><span style=\"color: #000000;\">Gammaldags glas har vanligtvis en bred br\u00e4tte och en tjock bas, s\u00e5 att de icke-flytande ingredienserna i en cocktail kan mosas med en <a style=\"color: #000000;\" title=\"Muddler\" href=\"https:\/\/en.wikipedia.org\/wiki\/Muddler\" target=\"_blank\" rel=\"noopener\">muddler<\/a> innan de huvudsakliga flytande ingredienserna tills\u00e4tts.<\/span><\/p>\n<p><span style=\"color: #000000;\">Old Fashioned-glas\u00f6gon inneh\u00e5ller vanligtvis 180\u2013300 ml (6\u201310 US fl oz).<sup id=\"cite_ref-1\" class=\"reference\"><a style=\"color: #000000;\" href=\"https:\/\/en.wikipedia.org\/wiki\/Old_Fashioned_glass#cite_note-1\" target=\"_blank\" rel=\"noopener\">[1]<\/a><\/sup><sup id=\"cite_ref-Rathbun_2-0\" class=\"reference\"><a style=\"color: #000000;\" href=\"https:\/\/en.wikipedia.org\/wiki\/Old_Fashioned_glass#cite_note-Rathbun-2\" target=\"_blank\" rel=\"noopener\">[2]<\/a><\/sup> Ett dubbelt gammaldags glas (ibland kallat av \u00e5terf\u00f6rs\u00e4ljare som ett <b>DOF<\/b> glas) inneh\u00e5ller 350\u2013470 ml (12\u201316 US fl oz).<sup id=\"cite_ref-Rathbun_2-1\" class=\"reference\"><a style=\"color: #000000;\" href=\"https:\/\/en.wikipedia.org\/wiki\/Old_Fashioned_glass#cite_note-Rathbun-2\" target=\"_blank\" rel=\"noopener\">[2]<\/a><\/sup><sup id=\"cite_ref-3\" class=\"reference\"><a style=\"color: #000000;\" href=\"https:\/\/en.wikipedia.org\/wiki\/Old_Fashioned_glass#cite_note-3\" target=\"_blank\" rel=\"noopener\">[3]<\/a><\/sup><\/span><\/p>\n<\/div>\n<\/div>\n<\/div>","protected":false},"excerpt":{"rendered":"<p>Round Whiskey Tumblers 8oz \/ 225ml &nbsp; This Round whiskey tumblers are suitable for commercial settings as well as at home, these whikisy glasses have been made from soda lime glass. And they can withstand heavy everyday use. This whiskey glass\/Old fashioned glass\u00a0is produced by machine pressed. It shows the superior clarity and a fine [&hellip;]<\/p>","protected":false},"featured_media":1048,"comment_status":"closed","ping_status":"closed","template":"","meta":[],"class_list":["post-956","product","type-product","status-publish","has-post-thumbnail","hentry","product_cat-whiskey-glasses","product_tag-whiskey-glass"],"_links":{"self":[{"href":"https:\/\/lidaglassware.com\/sv\/wp-json\/wp\/v2\/product\/956","targetHints":{"allow":["GET"]}}],"collection":[{"href":"https:\/\/lidaglassware.com\/sv\/wp-json\/wp\/v2\/product"}],"about":[{"href":"https:\/\/lidaglassware.com\/sv\/wp-json\/wp\/v2\/types\/product"}],"replies":[{"embeddable":true,"href":"https:\/\/lidaglassware.com\/sv\/wp-json\/wp\/v2\/comments?post=956"}],"wp:featuredmedia":[{"embeddable":true,"href":"https:\/\/lidaglassware.com\/sv\/wp-json\/wp\/v2\/media\/1048"}],"wp:attachment":[{"href":"https:\/\/lidaglassware.com\/sv\/wp-json\/wp\/v2\/media?parent=956"}],"curies":[{"name":"wp","href":"https:\/\/api.w.org\/{rel}","templated":true}]}}