{"id":959,"date":"2021-07-15T16:57:35","date_gmt":"2021-07-16T00:57:35","guid":{"rendered":"https:\/\/lidaglassware.com\/?post_type=product&#038;p=959"},"modified":"2022-09-27T16:38:37","modified_gmt":"2022-09-28T00:38:37","slug":"square-base-old-fashioned-tumblers-8-5oz-240ml","status":"publish","type":"product","link":"https:\/\/lidaglassware.com\/sv\/produkt\/square-base-old-fashioned-tumblers-8-5oz-240ml\/","title":{"rendered":"Gammaldags tumlare med fyrkantig bas 8,5 oz \/ 240 ml"},"content":{"rendered":"<h1 id=\"name\"><span style=\"color: #000000;\">Fyrkantiga Gammaldags tumblers 8oz \/ 230ml<\/span><\/h1>\n<p>Dessa fyrkantiga whiskyglas \u00e4r l\u00e4mpliga f\u00f6r kommersiella milj\u00f6er s\u00e5v\u00e4l som hemma, dessa whikisyglas har tillverkats av sodalimeglas. Och de t\u00e5l h\u00e5rd daglig anv\u00e4ndning.<\/p>\n<p>Detta whiskyglas\/gammaldags glas tillverkas maskinpressat. Den visar den \u00f6verl\u00e4gsna klarheten och en fin kant. Du kan ha din egen drinkpresentation.<\/p>\n<p>&nbsp;<\/p>\n<div class=\"mw-body-content\">\n<div id=\"bodyContent\" class=\"mw-body-content\">\n<div id=\"mw-content-text\" class=\"mw-content-ltr\" dir=\"ltr\" lang=\"en\">\n<p>&nbsp;<\/p>\n<\/div>\n<\/div>\n<\/div>","protected":false},"excerpt":{"rendered":"<p>L\u00e4mplig f\u00f6r anv\u00e4ndning i kommersiella milj\u00f6er som restauranger, pubar, fester, etc. Hoppas att du trivs med denna gammaldags diamantglas.<\/p>\n<p>&nbsp;<\/p>","protected":false},"featured_media":1061,"comment_status":"closed","ping_status":"closed","template":"","meta":[],"class_list":["post-959","product","type-product","status-publish","has-post-thumbnail","hentry","product_cat-whiskey-glasses","product_tag-whiskey-glass"],"_links":{"self":[{"href":"https:\/\/lidaglassware.com\/sv\/wp-json\/wp\/v2\/product\/959","targetHints":{"allow":["GET"]}}],"collection":[{"href":"https:\/\/lidaglassware.com\/sv\/wp-json\/wp\/v2\/product"}],"about":[{"href":"https:\/\/lidaglassware.com\/sv\/wp-json\/wp\/v2\/types\/product"}],"replies":[{"embeddable":true,"href":"https:\/\/lidaglassware.com\/sv\/wp-json\/wp\/v2\/comments?post=959"}],"wp:featuredmedia":[{"embeddable":true,"href":"https:\/\/lidaglassware.com\/sv\/wp-json\/wp\/v2\/media\/1061"}],"wp:attachment":[{"href":"https:\/\/lidaglassware.com\/sv\/wp-json\/wp\/v2\/media?parent=959"}],"curies":[{"name":"wp","href":"https:\/\/api.w.org\/{rel}","templated":true}]}}