{"id":973,"date":"2021-07-15T16:58:57","date_gmt":"2021-07-16T00:58:57","guid":{"rendered":"https:\/\/lidaglassware.com\/?post_type=product&#038;p=973"},"modified":"2021-07-19T00:43:06","modified_gmt":"2021-07-19T08:43:06","slug":"printed-glass-coffee-cup-3-2oz-90ml","status":"publish","type":"product","link":"https:\/\/lidaglassware.com\/sv\/produkt\/tryckt-glas-kaffe-kopp-3-2oz-90ml\/","title":{"rendered":"Tryckt kaffekopp i glas 3,2 oz \/ 90 ml"},"content":{"rendered":"<h2>Tryckt kaffekopp i glas 3,2 oz \/ 90 ml<\/h2>\n<p>Minimugg glasshotglaset rymmer cirka 3 uns av din favoritsprit. De \u00e4r bed\u00e5rande och roliga att ta bilder ur. Ett bra samtalsstycke p\u00e5 vilket cocktailparty som helst eller att ha som bartillbeh\u00f6r! De \u00e4r 3 tum h\u00f6ga med en 2 tums mundiameter. Det s\u00f6ta lilla mugghandtaget och den kreativa designen p\u00e5 detta snapsglas g\u00f6r ocks\u00e5 till fantastiska dekorativa bitar.<\/p>\n<p>&nbsp;<\/p>\n<div class=\"mw-body-content\"><\/div>","protected":false},"excerpt":{"rendered":"<p>Printed Glass Coffee Cup 3.2oz \/ 90ml The mini mug glass shot glass holds approximately 3\u00a0ounce of your favorite liquor. They are adorable and fun to take shots out of. A great conversation piece at any cocktail party or to have as a bar accessory! They stand 3\u00a0inches tall with a 2\u00a0inch mouth diameter. The [&hellip;]<\/p>","protected":false},"featured_media":1098,"comment_status":"closed","ping_status":"closed","template":"","meta":[],"class_list":["post-973","product","type-product","status-publish","has-post-thumbnail","hentry","product_cat-coffee-glasses","product_tag-glass-coffee-mug"],"_links":{"self":[{"href":"https:\/\/lidaglassware.com\/sv\/wp-json\/wp\/v2\/product\/973","targetHints":{"allow":["GET"]}}],"collection":[{"href":"https:\/\/lidaglassware.com\/sv\/wp-json\/wp\/v2\/product"}],"about":[{"href":"https:\/\/lidaglassware.com\/sv\/wp-json\/wp\/v2\/types\/product"}],"replies":[{"embeddable":true,"href":"https:\/\/lidaglassware.com\/sv\/wp-json\/wp\/v2\/comments?post=973"}],"wp:featuredmedia":[{"embeddable":true,"href":"https:\/\/lidaglassware.com\/sv\/wp-json\/wp\/v2\/media\/1098"}],"wp:attachment":[{"href":"https:\/\/lidaglassware.com\/sv\/wp-json\/wp\/v2\/media?parent=973"}],"curies":[{"name":"wp","href":"https:\/\/api.w.org\/{rel}","templated":true}]}}