{"id":997,"date":"2021-07-15T17:03:02","date_gmt":"2021-07-16T01:03:02","guid":{"rendered":"https:\/\/lidaglassware.com\/?post_type=product&#038;p=997"},"modified":"2022-09-27T01:42:38","modified_gmt":"2022-09-27T09:42:38","slug":"diamond-hot-shot-glasses-1-2oz-35ml","status":"publish","type":"product","link":"https:\/\/lidaglassware.com\/sv\/produkt\/diamant-hot-shot-glasogon-1-2oz-35ml\/","title":{"rendered":"Diamond Hot Shot-glas\u00f6gon 1,2 oz \/ 35 ml"},"content":{"rendered":"<h2>Diamond Hot Shot-glas\u00f6gon 1,2 oz \/ 35 ml<\/h2>\n<p>Dessa Shot Glasses erbjuder en klassisk r\u00e4fflad skjutglasform som \u00e4r perfekt f\u00f6r ett lagligt m\u00e5tt p\u00e5 din favoritanda. Det finns ingen anledning att pilla runt med olika fingerborgsm\u00e5tt f\u00f6r att f\u00f6rs\u00f6ka f\u00e5 ett exakt skott, h\u00e4ll bara upp direkt i detta tunga shotglas f\u00f6r att servera en enda shot.<\/p>\n<h1 id=\"firstHeading\" class=\"firstHeading\" lang=\"en\"><span style=\"color: #333333;\">Snapsglas<\/span><\/h1>\n<div id=\"bodyContent\" class=\"mw-body-content\">\n<div id=\"siteSub\"><span style=\"color: #333333;\">Fr\u00e5n Wikipedia, den fria encyklopedin<\/span><\/div>\n<div id=\"contentSub\"><\/div>\n<div id=\"jump-to-nav\" class=\"mw-jump\"><\/div>\n<div id=\"mw-content-text\" class=\"mw-content-ltr\" dir=\"ltr\" lang=\"en\">\n<div class=\"thumb tright\">\n<div class=\"thumbinner\">\n<p><span style=\"color: #333333;\"><a class=\"image\" style=\"color: #333333;\" href=\"https:\/\/en.wikipedia.org\/wiki\/File:Three_shotglasses.jpg\" target=\"_blank\" rel=\"noopener\"><img decoding=\"async\" class=\"thumbimage\" src=\"https:\/\/upload.wikimedia.org\/wikipedia\/commons\/thumb\/f\/fb\/Three_shotglasses.jpg\/220px-Three_shotglasses.jpg\" srcset=\"\/\/upload.wikimedia.org\/wikipedia\/commons\/thumb\/f\/fb\/Three_shotglasses.jpg\/330px-Three_shotglasses.jpg 1.5x, \/\/upload.wikimedia.org\/wikipedia\/commons\/thumb\/f\/fb\/Three_shotglasses.jpg\/440px-Three_shotglasses.jpg 2x\" alt=\"\" width=\"220\" height=\"174\" data-file-width=\"3136\" data-file-height=\"2480\"><\/a><\/span><\/p>\n<div class=\"thumbcaption\">\n<div class=\"magnify\"><\/div>\n<p><span style=\"color: #333333;\">Tre snapsglas av varierande form och storlek<\/span><\/p>\n<\/div>\n<\/div>\n<\/div>\n<div class=\"thumb tright\">\n<div class=\"thumbinner\">\n<p><span style=\"color: #333333;\"><a class=\"image\" style=\"color: #333333;\" href=\"https:\/\/en.wikipedia.org\/wiki\/File:Novelty_Shot_Glasses.JPG\" target=\"_blank\" rel=\"noopener\"><img decoding=\"async\" class=\"thumbimage\" src=\"https:\/\/upload.wikimedia.org\/wikipedia\/commons\/thumb\/0\/0b\/Novelty_Shot_Glasses.JPG\/220px-Novelty_Shot_Glasses.JPG\" srcset=\"\/\/upload.wikimedia.org\/wikipedia\/commons\/thumb\/0\/0b\/Novelty_Shot_Glasses.JPG\/330px-Novelty_Shot_Glasses.JPG 1.5x, \/\/upload.wikimedia.org\/wikipedia\/commons\/thumb\/0\/0b\/Novelty_Shot_Glasses.JPG\/440px-Novelty_Shot_Glasses.JPG 2x\" alt=\"\" width=\"220\" height=\"121\" data-file-width=\"3048\" data-file-height=\"1683\"><\/a><\/span><\/p>\n<div class=\"thumbcaption\">\n<div class=\"magnify\"><\/div>\n<p><span style=\"color: #333333;\">Shotglas\u00f6gon med en m\u00e4ngd olika utf\u00f6randen. Shotglas som dessa samlas ofta som nyhet.<\/span><\/p>\n<\/div>\n<\/div>\n<\/div>\n<p><span style=\"color: #333333;\">A <b>snapsglas<\/b> \u00e4r en liten <a class=\"mw-redirect\" style=\"color: #333333;\" title=\"Glas (dryck)\" href=\"https:\/\/en.wikipedia.org\/wiki\/Glass_(drinkware)\" target=\"_blank\" rel=\"noopener\">glas<\/a> utformad f\u00f6r att h\u00e5lla eller m\u00e4ta <a style=\"color: #333333;\" title=\"Destillerad dryck\" href=\"https:\/\/en.wikipedia.org\/wiki\/Distilled_beverage\" target=\"_blank\" rel=\"noopener\">sprit eller sprit<\/a>, som antingen dricks direkt ur glaset (&quot;en shot&quot;) eller h\u00e4lls upp i en <a style=\"color: #333333;\" title=\"Cocktail\" href=\"https:\/\/en.wikipedia.org\/wiki\/Cocktail\" target=\"_blank\" rel=\"noopener\">cocktail<\/a>. En &quot;shot&quot; sprit \u00e4r inte detsamma som en &quot;<a style=\"color: #333333;\" title=\"Shooter (dryck)\" href=\"https:\/\/en.wikipedia.org\/wiki\/Shooter_(drink)\" target=\"_blank\" rel=\"noopener\">skytt<\/a>&#8220;.<\/span><\/p>\n<p><span style=\"color: #333333;\">Shotglas dekorerade med ett brett utbud av <a style=\"color: #333333;\" title=\"Rostat br\u00f6d (heder)\" href=\"https:\/\/en.wikipedia.org\/wiki\/Toast_(honor)\" target=\"_blank\" rel=\"noopener\">sk\u00e5lar<\/a>, reklam och humoristiska bilder \u00e4r popul\u00e4ra <a style=\"color: #333333;\" title=\"Souvenir\" href=\"https:\/\/en.wikipedia.org\/wiki\/Souvenir\" target=\"_blank\" rel=\"noopener\">souvenirer<\/a> och <a style=\"color: #333333;\" title=\"Breweriana\" href=\"https:\/\/en.wikipedia.org\/wiki\/Breweriana\" target=\"_blank\" rel=\"noopener\">samlarf\u00f6rem\u00e5l<\/a>.<\/span><\/p>\n<\/div>\n<\/div>","protected":false},"excerpt":{"rendered":"<p>Perfekt f\u00f6r alla sprit, dessa snapsglas \u00e4r den perfekta feststarten. Denna design erbjuder ett mer elegant glas med en bred topp och en tjock, tung bas, vilket hj\u00e4lper till att erbjuda ett dj\u00e4rvt utseende som ackompanjerar dina drinkar.<\/p>","protected":false},"featured_media":1123,"comment_status":"closed","ping_status":"closed","template":"","meta":[],"class_list":["post-997","product","type-product","status-publish","has-post-thumbnail","hentry","product_cat-shot-glasses","product_tag-shot-glasses"],"_links":{"self":[{"href":"https:\/\/lidaglassware.com\/sv\/wp-json\/wp\/v2\/product\/997","targetHints":{"allow":["GET"]}}],"collection":[{"href":"https:\/\/lidaglassware.com\/sv\/wp-json\/wp\/v2\/product"}],"about":[{"href":"https:\/\/lidaglassware.com\/sv\/wp-json\/wp\/v2\/types\/product"}],"replies":[{"embeddable":true,"href":"https:\/\/lidaglassware.com\/sv\/wp-json\/wp\/v2\/comments?post=997"}],"wp:featuredmedia":[{"embeddable":true,"href":"https:\/\/lidaglassware.com\/sv\/wp-json\/wp\/v2\/media\/1123"}],"wp:attachment":[{"href":"https:\/\/lidaglassware.com\/sv\/wp-json\/wp\/v2\/media?parent=997"}],"curies":[{"name":"wp","href":"https:\/\/api.w.org\/{rel}","templated":true}]}}